{"id":129,"date":"2017-04-04T12:25:47","date_gmt":"2017-04-04T12:25:47","guid":{"rendered":"https:\/\/aci.hs-offenburg.de\/?page_id=129"},"modified":"2018-05-03T14:45:17","modified_gmt":"2018-05-03T14:45:17","slug":"impressum","status":"publish","type":"page","link":"https:\/\/aci.hs-offenburg.de\/de\/impressum\/","title":{"rendered":"Impressum"},"content":{"rendered":"<p class=\"bodytext\"><strong>Affective &amp; Cognitive Institute<br \/>\n<\/strong><\/p>\n<p class=\"bodytext\">Verantwortlich: Prof. Dr. Oliver Korn<br \/>\nHochschule Offenburg<b><br \/>\n<\/b>Badstra\u00dfe 24<br \/>\n77652 Offenburg<br \/>\nTel.: <span class=\"content-box__detail\"><span class=\"content-box__detail has-icon\">0781 205-4821<\/span><\/span><\/p>\n<p><a href=\"mailto:oliver.korn@hs-offenburg.de\">oliver.korn@hs-offenburg.de<\/a><br \/>\n<a href=\"http:\/\/www.fh-offenburg.de\/\" target=\"_blank\" rel=\"noopener\">www.hs-offenburg.de<\/a><\/p>\n<p class=\"bodytext\"><b>Haftungsausschluss<br \/>\n<\/b>1. Inhalt des Onlineangebotes:<br \/>\nDie Autoren und Entwickler \u00fcbernehmen keinerlei Gew\u00e4hr f\u00fcr die Aktualit\u00e4t, Korrektheit, Vollst\u00e4ndigkeit oder Qualit\u00e4t der bereitgestellten Informationen. Haftungsanspr\u00fcche gegen die Autoren, welche sich auf Sch\u00e4den materieller oder ideeller Art beziehen, die durch die Nutzung oder Nichtnutzung der dargebotenen Informationen bzw. durch die Nutzung fehlerhafter und unvollst\u00e4ndiger Informationen verursacht wurden, sind grunds\u00e4tzlich ausgeschlossen, sofern seitens der Autoren kein nachweislich vors\u00e4tzliches oder grob fahrl\u00e4ssiges Verschulden vorliegt. Alle Angebote sind freibleibend und unverbindlich. Die Autoren behalten sich ausdr\u00fccklich vor, Teile der Seiten oder das gesamte Angebot ohne gesonderte Ank\u00fcndigung zu ver\u00e4ndern, zu erg\u00e4nzen, zu l\u00f6schen oder die Ver\u00f6ffentlichung zeitweise oder endg\u00fcltig einzustellen.<\/p>\n<p class=\"bodytext\">2. Verweise und Links:<br \/>\nBei direkten oder indirekten Verweisen auf fremde Internetseiten (&#8222;Links&#8220;), die au\u00dferhalb des Verantwortungsbereiches der Autoren liegen, w\u00fcrde eine Haftungsverpflichtung ausschlie\u00dflich in dem Fall in Kraft treten, in dem die Autoren von den Inhalten Kenntnis haben und es ihnen technisch m\u00f6glich und zumutbar w\u00e4re, die Nutzung im Falle rechtswidriger Inhalte zu verhindern. Die Autoren erkl\u00e4ren hiermit ausdr\u00fccklich, dass zum Zeitpunkt der Linksetzung keine illegalen Inhalte auf den zu verlinkenden Seiten erkennbar waren. Auf die aktuelle und zuk\u00fcnftige Gestaltung, die Inhalte oder die Urheberschaft der gelinkten\/verkn\u00fcpften Seiten haben die Autoren keinen Einfluss. Deshalb distanzieren sie sich hiermit ausdr\u00fccklich von allen Inhalten aller verlinkten \/verkn\u00fcpften Seiten, die nach der Linksetzung ver\u00e4ndert wurden. Diese Feststellung gilt f\u00fcr alle innerhalb des eigenen Internetangebotes gesetzten Links und Verweise sowie f\u00fcr Fremdeintr\u00e4ge in von den Autoren eingerichteten G\u00e4steb\u00fcchern, Diskussionsforen und Mailinglisten. F\u00fcr illegale, fehlerhafte oder unvollst\u00e4ndige Inhalte und insbesondere f\u00fcr Sch\u00e4den, die aus der Nutzung oder Nichtnutzung solcherart dargebotener Informationen entstehen, haften alleine die Anbieter der Seite(n), auf welche verwiesen wurde, nicht derjenige, der \u00fcber Links auf die jeweilige Ver\u00f6ffentlichung lediglich verweist.<\/p>\n<p class=\"bodytext\">3. Urheber- und Kennzeichenrecht:<br \/>\nDie Autoren sind bestrebt, in allen Publikationen die Urheberrechte der verwendeten Grafiken, Tondokumente, Videosequenzen und Texte zu beachten, von ihnen selbst erstellte Grafiken, Tondokumente, Videosequenzen und Texte zu nutzen oder auf lizenzfreie Grafiken, Tondokumente, Videosequenzen und Texte zur\u00fcckzugreifen. Alle innerhalb des Internetangebotes genannten und ggf. durch Dritte gesch\u00fctzten Marken- und Warenzeichen unterliegen uneingeschr\u00e4nkt den Bestimmungen des jeweils g\u00fcltigen Kennzeichenrechts und den Besitzrechten der jeweiligen eingetragenen Eigent\u00fcmer. Allein aufgrund der blo\u00dfen Nennung ist nicht der Schluss zu ziehen, dass Markenzeichen nicht durch Rechte Dritter gesch\u00fctzt sind! Das Copyright f\u00fcr ver\u00f6ffentlichte, von den Autoren selbst erstellte Objekte bleibt alleine bei den Autoren der Seiten. Eine Vervielf\u00e4ltigung oder Verwendung solcher Grafiken, Tondokumente, Videosequenzen und Texte in anderen elektronischen oder gedruckten Publikationen ist ohne ausdr\u00fcckliche Zustimmung der Autoren nicht gestattet.<\/p>\n<p class=\"bodytext\">4. Datenschutz:<br \/>\nSofern innerhalb des Internetangebotes die M\u00f6glichkeit zur Eingabe pers\u00f6nlicher oder gesch\u00e4ftlicher Daten (E-Mail-Adressen, Namen, Anschriften) besteht, so erfolgt die Preisgabe dieser Daten seitens des Nutzers auf ausdr\u00fccklich freiwilliger Basis. Die Inanspruchnahme und Bezahlung aller angebotenen Dienste ist &#8211; soweit technisch m\u00f6glich und zumutbar &#8211; auch ohne Angabe solcher Daten bzw. unter Angabe anonymisierter Daten oder eines Pseudonyms gestattet.<\/p>\n<p>Die vollst\u00e4ndige Datenschutzerkl\u00e4rung finden Sie <a href=\"https:\/\/aci.hs-offenburg.de\/de\/datenschutz\/\">hier<\/a>.<\/p>\n<p class=\"bodytext\">5. Rechtswirksamkeit dieses Haftungsausschlusses:<br \/>\nSofern Teile oder einzelne Formulierungen dieses Textes der geltenden Rechtslage nicht, nicht mehr oder nicht vollst\u00e4ndig entsprechen sollten, bleiben die \u00fcbrigen Teile des Dokumentes in ihrem Inhalt und ihrer G\u00fcltigkeit davon unber\u00fchrt.<\/p>\n","protected":false},"excerpt":{"rendered":"<p>Affective &amp; Cognitive Institute Verantwortlich: Prof. Dr. Oliver Korn Hochschule Offenburg Badstra\u00dfe 24 77652 Offenburg Tel.: 0781 205-4821 oliver.korn@hs-offenburg.de www.hs-offenburg.de Haftungsausschluss 1. Inhalt des Onlineangebotes: Die Autoren und Entwickler \u00fcbernehmen keinerlei Gew\u00e4hr f\u00fcr die Aktualit\u00e4t, Korrektheit, Vollst\u00e4ndigkeit oder Qualit\u00e4t der bereitgestellten Informationen. Haftungsanspr\u00fcche gegen die Autoren, welche sich auf Sch\u00e4den materieller oder ideeller Art beziehen, &hellip; <\/p>\n","protected":false},"author":1,"featured_media":0,"parent":0,"menu_order":0,"comment_status":"closed","ping_status":"closed","template":"","meta":[],"yoast_head":"<!-- This site is optimized with the Yoast SEO plugin v20.7 - https:\/\/yoast.com\/wordpress\/plugins\/seo\/ -->\n<title>Impressum - Affective &amp; Cognitive Institute<\/title>\n<meta name=\"robots\" content=\"index, follow, max-snippet:-1, max-image-preview:large, max-video-preview:-1\" \/>\n<link rel=\"canonical\" href=\"https:\/\/aci.hs-offenburg.de\/de\/impressum\/\" \/>\n<meta property=\"og:locale\" content=\"de_DE\" \/>\n<meta property=\"og:type\" content=\"article\" \/>\n<meta property=\"og:title\" content=\"Impressum - Affective &amp; Cognitive Institute\" \/>\n<meta property=\"og:description\" content=\"Affective &amp; Cognitive Institute Verantwortlich: Prof. Dr. Oliver Korn Hochschule Offenburg Badstra\u00dfe 24 77652 Offenburg Tel.: 0781 205-4821 oliver.korn@hs-offenburg.de www.hs-offenburg.de Haftungsausschluss 1. Inhalt des Onlineangebotes: Die Autoren und Entwickler \u00fcbernehmen keinerlei Gew\u00e4hr f\u00fcr die Aktualit\u00e4t, Korrektheit, Vollst\u00e4ndigkeit oder Qualit\u00e4t der bereitgestellten Informationen. Haftungsanspr\u00fcche gegen die Autoren, welche sich auf Sch\u00e4den materieller oder ideeller Art beziehen, &hellip;\" \/>\n<meta property=\"og:url\" content=\"https:\/\/aci.hs-offenburg.de\/de\/impressum\/\" \/>\n<meta property=\"og:site_name\" content=\"Affective &amp; Cognitive Institute\" \/>\n<meta property=\"article:modified_time\" content=\"2018-05-03T14:45:17+00:00\" \/>\n<meta name=\"twitter:card\" content=\"summary_large_image\" \/>\n<meta name=\"twitter:label1\" content=\"Gesch\u00e4tzte Lesezeit\" \/>\n\t<meta name=\"twitter:data1\" content=\"3\u00a0Minuten\" \/>\n<script type=\"application\/ld+json\" class=\"yoast-schema-graph\">{\"@context\":\"https:\/\/schema.org\",\"@graph\":[{\"@type\":\"WebPage\",\"@id\":\"https:\/\/aci.hs-offenburg.de\/de\/impressum\/\",\"url\":\"https:\/\/aci.hs-offenburg.de\/de\/impressum\/\",\"name\":\"Impressum - Affective &amp; Cognitive Institute\",\"isPartOf\":{\"@id\":\"https:\/\/aci.hs-offenburg.de\/#website\"},\"datePublished\":\"2017-04-04T12:25:47+00:00\",\"dateModified\":\"2018-05-03T14:45:17+00:00\",\"breadcrumb\":{\"@id\":\"https:\/\/aci.hs-offenburg.de\/de\/impressum\/#breadcrumb\"},\"inLanguage\":\"de\",\"potentialAction\":[{\"@type\":\"ReadAction\",\"target\":[\"https:\/\/aci.hs-offenburg.de\/de\/impressum\/\"]}]},{\"@type\":\"BreadcrumbList\",\"@id\":\"https:\/\/aci.hs-offenburg.de\/de\/impressum\/#breadcrumb\",\"itemListElement\":[{\"@type\":\"ListItem\",\"position\":1,\"name\":\"Home\",\"item\":\"https:\/\/aci.hs-offenburg.de\/\"},{\"@type\":\"ListItem\",\"position\":2,\"name\":\"Impressum\"}]},{\"@type\":\"WebSite\",\"@id\":\"https:\/\/aci.hs-offenburg.de\/#website\",\"url\":\"https:\/\/aci.hs-offenburg.de\/\",\"name\":\"Affective &amp; Cognitive Institute\",\"description\":\"Human Computer Interaction Research\",\"publisher\":{\"@id\":\"https:\/\/aci.hs-offenburg.de\/#organization\"},\"potentialAction\":[{\"@type\":\"SearchAction\",\"target\":{\"@type\":\"EntryPoint\",\"urlTemplate\":\"https:\/\/aci.hs-offenburg.de\/?s={search_term_string}\"},\"query-input\":\"required name=search_term_string\"}],\"inLanguage\":\"de\"},{\"@type\":\"Organization\",\"@id\":\"https:\/\/aci.hs-offenburg.de\/#organization\",\"name\":\"ACI - Affective & Cognitive Institute\",\"url\":\"https:\/\/aci.hs-offenburg.de\/\",\"logo\":{\"@type\":\"ImageObject\",\"inLanguage\":\"de\",\"@id\":\"https:\/\/aci.hs-offenburg.de\/#\/schema\/logo\/image\/\",\"url\":\"https:\/\/aci.hs-offenburg.de\/wp-content\/uploads\/2018\/04\/ACI_Logo_01_small.png\",\"contentUrl\":\"https:\/\/aci.hs-offenburg.de\/wp-content\/uploads\/2018\/04\/ACI_Logo_01_small.png\",\"width\":400,\"height\":238,\"caption\":\"ACI - Affective & Cognitive Institute\"},\"image\":{\"@id\":\"https:\/\/aci.hs-offenburg.de\/#\/schema\/logo\/image\/\"},\"sameAs\":[\"https:\/\/www.youtube.com\/channel\/UCYetO2MEXJ0KMVWyxLXMS1g\"]}]}<\/script>\n<!-- \/ Yoast SEO plugin. -->","yoast_head_json":{"title":"Impressum - Affective &amp; Cognitive Institute","robots":{"index":"index","follow":"follow","max-snippet":"max-snippet:-1","max-image-preview":"max-image-preview:large","max-video-preview":"max-video-preview:-1"},"canonical":"https:\/\/aci.hs-offenburg.de\/de\/impressum\/","og_locale":"de_DE","og_type":"article","og_title":"Impressum - Affective &amp; Cognitive Institute","og_description":"Affective &amp; Cognitive Institute Verantwortlich: Prof. Dr. Oliver Korn Hochschule Offenburg Badstra\u00dfe 24 77652 Offenburg Tel.: 0781 205-4821 oliver.korn@hs-offenburg.de www.hs-offenburg.de Haftungsausschluss 1. Inhalt des Onlineangebotes: Die Autoren und Entwickler \u00fcbernehmen keinerlei Gew\u00e4hr f\u00fcr die Aktualit\u00e4t, Korrektheit, Vollst\u00e4ndigkeit oder Qualit\u00e4t der bereitgestellten Informationen. Haftungsanspr\u00fcche gegen die Autoren, welche sich auf Sch\u00e4den materieller oder ideeller Art beziehen, &hellip;","og_url":"https:\/\/aci.hs-offenburg.de\/de\/impressum\/","og_site_name":"Affective &amp; Cognitive Institute","article_modified_time":"2018-05-03T14:45:17+00:00","twitter_card":"summary_large_image","twitter_misc":{"Gesch\u00e4tzte Lesezeit":"3\u00a0Minuten"},"schema":{"@context":"https:\/\/schema.org","@graph":[{"@type":"WebPage","@id":"https:\/\/aci.hs-offenburg.de\/de\/impressum\/","url":"https:\/\/aci.hs-offenburg.de\/de\/impressum\/","name":"Impressum - Affective &amp; Cognitive Institute","isPartOf":{"@id":"https:\/\/aci.hs-offenburg.de\/#website"},"datePublished":"2017-04-04T12:25:47+00:00","dateModified":"2018-05-03T14:45:17+00:00","breadcrumb":{"@id":"https:\/\/aci.hs-offenburg.de\/de\/impressum\/#breadcrumb"},"inLanguage":"de","potentialAction":[{"@type":"ReadAction","target":["https:\/\/aci.hs-offenburg.de\/de\/impressum\/"]}]},{"@type":"BreadcrumbList","@id":"https:\/\/aci.hs-offenburg.de\/de\/impressum\/#breadcrumb","itemListElement":[{"@type":"ListItem","position":1,"name":"Home","item":"https:\/\/aci.hs-offenburg.de\/"},{"@type":"ListItem","position":2,"name":"Impressum"}]},{"@type":"WebSite","@id":"https:\/\/aci.hs-offenburg.de\/#website","url":"https:\/\/aci.hs-offenburg.de\/","name":"Affective &amp; Cognitive Institute","description":"Human Computer Interaction Research","publisher":{"@id":"https:\/\/aci.hs-offenburg.de\/#organization"},"potentialAction":[{"@type":"SearchAction","target":{"@type":"EntryPoint","urlTemplate":"https:\/\/aci.hs-offenburg.de\/?s={search_term_string}"},"query-input":"required name=search_term_string"}],"inLanguage":"de"},{"@type":"Organization","@id":"https:\/\/aci.hs-offenburg.de\/#organization","name":"ACI - Affective & Cognitive Institute","url":"https:\/\/aci.hs-offenburg.de\/","logo":{"@type":"ImageObject","inLanguage":"de","@id":"https:\/\/aci.hs-offenburg.de\/#\/schema\/logo\/image\/","url":"https:\/\/aci.hs-offenburg.de\/wp-content\/uploads\/2018\/04\/ACI_Logo_01_small.png","contentUrl":"https:\/\/aci.hs-offenburg.de\/wp-content\/uploads\/2018\/04\/ACI_Logo_01_small.png","width":400,"height":238,"caption":"ACI - Affective & Cognitive Institute"},"image":{"@id":"https:\/\/aci.hs-offenburg.de\/#\/schema\/logo\/image\/"},"sameAs":["https:\/\/www.youtube.com\/channel\/UCYetO2MEXJ0KMVWyxLXMS1g"]}]}},"_links":{"self":[{"href":"https:\/\/aci.hs-offenburg.de\/de\/wp-json\/wp\/v2\/pages\/129\/"}],"collection":[{"href":"https:\/\/aci.hs-offenburg.de\/de\/wp-json\/wp\/v2\/pages\/"}],"about":[{"href":"https:\/\/aci.hs-offenburg.de\/de\/wp-json\/wp\/v2\/types\/page\/"}],"author":[{"embeddable":true,"href":"https:\/\/aci.hs-offenburg.de\/de\/wp-json\/wp\/v2\/users\/1\/"}],"replies":[{"embeddable":true,"href":"https:\/\/aci.hs-offenburg.de\/de\/wp-json\/wp\/v2\/comments\/?post=129"}],"version-history":[{"count":3,"href":"https:\/\/aci.hs-offenburg.de\/de\/wp-json\/wp\/v2\/pages\/129\/revisions\/"}],"predecessor-version":[{"id":641,"href":"https:\/\/aci.hs-offenburg.de\/de\/wp-json\/wp\/v2\/pages\/129\/revisions\/641\/"}],"wp:attachment":[{"href":"https:\/\/aci.hs-offenburg.de\/de\/wp-json\/wp\/v2\/media\/?parent=129"}],"curies":[{"name":"wp","href":"https:\/\/api.w.org\/{rel}","templated":true}]}}