{"id":2083,"date":"2020-02-12T21:45:42","date_gmt":"2020-02-12T20:45:42","guid":{"rendered":"https:\/\/aci.hs-offenburg.de\/?page_id=2083"},"modified":"2021-04-12T13:59:26","modified_gmt":"2021-04-12T11:59:26","slug":"comics","status":"publish","type":"page","link":"https:\/\/aci.hs-offenburg.de\/de\/comics\/","title":{"rendered":"Comics"},"content":{"rendered":"\n<p>Das Affective &amp; Cognitive Institute hat sich der Wissenschaftskommunikation verschrieben. F\u00fcr uns ist es wichtig, Forschung zug\u00e4nglich und leicht verst\u00e4ndlich zu machen. In unseren Science Comics nutzen wir die Vorteile von Illustration und Storytelling, um soziale Roboter, k\u00fcnstliche Intelligenz und affektives HCI zu erkl\u00e4ren.<\/p>\n\n\n\n<h3>Science Comics:<\/h3>\n\n\n\n<hr class=\"wp-block-separator\"\/>\n\n\n\n<h2 class=\"has-text-align-center has-light-green-cyan-color has-text-color\"><a href=\"https:\/\/aci.hs-offenburg.de\/de\/soziale-roboter-ein-science-comic\/\">Soziale Roboter &#8211; Ein Science Comic<\/a><\/h2>\n\n\n\n<div class=\"wp-block-media-text alignwide\"><figure class=\"wp-block-media-text__media\"><a href=\"https:\/\/aci.hs-offenburg.de\/de\/soziale-roboter-ein-science-comic\/\" target=\"_blank\" rel=\"noopener\"><img decoding=\"async\" loading=\"lazy\" width=\"1358\" height=\"1920\" src=\"data:image\/gif;base64,R0lGODlhAQABAAAAACH5BAEKAAEALAAAAAABAAEAAAICTAEAOw==\" data-layzr=\"https:\/\/aci.hs-offenburg.de\/wp-content\/uploads\/2021\/01\/soro_c-web-de-cover.jpg\" alt=\"\" class=\"wp-image-2516 size-full\" data-layzr-srcset=\"https:\/\/aci.hs-offenburg.de\/wp-content\/uploads\/2021\/01\/soro_c-web-de-cover.jpg 1358w, https:\/\/aci.hs-offenburg.de\/wp-content\/uploads\/2021\/01\/soro_c-web-de-cover-724x1024.jpg 724w, https:\/\/aci.hs-offenburg.de\/wp-content\/uploads\/2021\/01\/soro_c-web-de-cover-212x300.jpg 212w, https:\/\/aci.hs-offenburg.de\/wp-content\/uploads\/2021\/01\/soro_c-web-de-cover-768x1086.jpg 768w, https:\/\/aci.hs-offenburg.de\/wp-content\/uploads\/2021\/01\/soro_c-web-de-cover-1086x1536.jpg 1086w, https:\/\/aci.hs-offenburg.de\/wp-content\/uploads\/2021\/01\/soro_c-web-de-cover-42x60.jpg 42w\" sizes=\"(max-width: 1358px) 100vw, 1358px\" \/><\/a><\/figure><div class=\"wp-block-media-text__content\">\n<p>Ein wertvoller Roboter ist aus einem Forschungsinstitut verschwunden und <strong>Kommissarin Kira<\/strong> wird mit dem Fall beauftragt. In ihren Ermittlungen taucht sie tief in die Welt der <strong>sozialen Roboter<\/strong> ein. Indem Kira nicht nur Wissenschaftler*innen sondern auch Anti-Roboter Aktivist*innen begegnet, wird sie mit unterschiedlichen Perspektiven \u00fcber Fortschritt und Automatisierung konfrontiert.<\/p>\n\n\n\n<div class=\"is-layout-flex wp-block-buttons\">\n<div class=\"wp-block-button\"><a class=\"wp-block-button__link has-white-color has-vivid-green-cyan-background-color has-text-color has-background\" href=\"https:\/\/aci.hs-offenburg.de\/de\/soziale-roboter-ein-science-comic\/\">Hier kostenfrei lesen!<\/a><\/div>\n\n\n\n<div class=\"wp-block-button\"><a class=\"wp-block-button__link\" href=\"https:\/\/shop.hs-offenburg.de\/Weitere-Artikel\/Soziale-Roboter-ein-Science-Comic.html\" target=\"_blank\" rel=\"noreferrer noopener\">Hier das Buch kaufen <\/a><\/div>\n<\/div>\n<\/div><\/div>\n\n\n\n<div style=\"height:19px\" aria-hidden=\"true\" class=\"wp-block-spacer\"><\/div>\n\n\n\n<p><strong>\u201eSoziale Roboter &#8211; Ein Science Comic\u201c<\/strong> ist ein Projekt des Affective &amp; Cognitive Institute der Hochschule Offenburg und behandelt dessen Forschung \u00fcber die Akzeptanz von sozialen Robotern. Der Science Comic adressiert die breite \u00d6ffentlichkeit und informiert \u00fcber zuk\u00fcnftige Entwicklungen sozialer Roboter. Das Thema ist hochaktuell, denn Roboter und Automatisierung werden den Arbeitsmarkt und die Gesellschaft drastisch ver\u00e4ndern. <\/p>\n\n\n\n<p>Der Science Comic er\u00f6ffnet insbesondere eine neue Perspektive auf das Thema \u201e<strong>Soziale Roboter im Gesundheitswesen<\/strong>\u201c. In einer unterhaltsamen Detektivgeschichte werden unterschiedliche Aspekte sozialer Roboter diskutiert. Von aktuellen Beispielen wie Paro bis hin zu den emotionalen Argumenten der  Anti-Roboter Aktivist*innen behandelt der Comic ein breites Spektrum an Themengebieten und schafft einen verst\u00e4ndlichen Einstieg in das komplexe Feld der Forschung und Technologie. Daher eignet sich der Comic f\u00fcr interessierte Leser*innen aller Altersklassen. Zus\u00e4tzlich soll der Comic Schulen als Lehr- und Lernmittel zur Verf\u00fcgung stehen.<\/p>\n\n\n\n<p><\/p>\n\n\n\n<div style=\"height:25px\" aria-hidden=\"true\" class=\"wp-block-spacer\"><\/div>\n\n\n\n<a href=\"https:\/\/aci.hs-offenburg.de\/de\/soziale-roboter-ein-science-comic\/\"><div class=\"wp-block-blockgallery-masonry\"><div class=\"blockgallery has-no-alignment has-caption-style-dark has-gutter\"><ul class=\"has-grid-xlrg has-gutter-10 has-gutter-mobile-15\"><li class=\"blockgallery--item\"><figure class=\"blockgallery--figure\"><img decoding=\"async\" loading=\"lazy\" width=\"1357\" height=\"1920\" src=\"data:image\/gif;base64,R0lGODlhAQABAAAAACH5BAEKAAEALAAAAAABAAEAAAICTAEAOw==\" data-layzr=\"https:\/\/aci.hs-offenburg.de\/wp-content\/uploads\/2020\/02\/Comic-final-3-1357x1920.jpg\" alt=\"Comic Page\" data-id=\"2046\" data-link=\"https:\/\/aci.hs-offenburg.de\/comic-final-3\/\" class=\"wp-image-2046\" data-layzr-srcset=\"https:\/\/aci.hs-offenburg.de\/wp-content\/uploads\/2020\/02\/Comic-final-3.jpg 1357w, https:\/\/aci.hs-offenburg.de\/wp-content\/uploads\/2020\/02\/Comic-final-3-212x300.jpg 212w, https:\/\/aci.hs-offenburg.de\/wp-content\/uploads\/2020\/02\/Comic-final-3-724x1024.jpg 724w, https:\/\/aci.hs-offenburg.de\/wp-content\/uploads\/2020\/02\/Comic-final-3-768x1087.jpg 768w, https:\/\/aci.hs-offenburg.de\/wp-content\/uploads\/2020\/02\/Comic-final-3-42x60.jpg 42w\" sizes=\"(max-width: 1357px) 100vw, 1357px\" \/><\/figure><\/li><li class=\"blockgallery--item\"><figure class=\"blockgallery--figure\"><img decoding=\"async\" loading=\"lazy\" width=\"1440\" height=\"634\" src=\"data:image\/gif;base64,R0lGODlhAQABAAAAACH5BAEKAAEALAAAAAABAAEAAAICTAEAOw==\" data-layzr=\"https:\/\/aci.hs-offenburg.de\/wp-content\/uploads\/2020\/02\/Comic-final-4-1.jpg\" alt=\"comic panels\" data-id=\"2053\" data-link=\"https:\/\/aci.hs-offenburg.de\/comic-final-4\/\" class=\"wp-image-2053\" data-layzr-srcset=\"https:\/\/aci.hs-offenburg.de\/wp-content\/uploads\/2020\/02\/Comic-final-4-1.jpg 1440w, https:\/\/aci.hs-offenburg.de\/wp-content\/uploads\/2020\/02\/Comic-final-4-1-300x132.jpg 300w, https:\/\/aci.hs-offenburg.de\/wp-content\/uploads\/2020\/02\/Comic-final-4-1-1024x451.jpg 1024w, https:\/\/aci.hs-offenburg.de\/wp-content\/uploads\/2020\/02\/Comic-final-4-1-768x338.jpg 768w, https:\/\/aci.hs-offenburg.de\/wp-content\/uploads\/2020\/02\/Comic-final-4-1-136x60.jpg 136w\" sizes=\"(max-width: 1440px) 100vw, 1440px\" \/><\/figure><\/li><li class=\"blockgallery--item\"><figure class=\"blockgallery--figure\"><img decoding=\"async\" loading=\"lazy\" width=\"1440\" height=\"899\" src=\"data:image\/gif;base64,R0lGODlhAQABAAAAACH5BAEKAAEALAAAAAABAAEAAAICTAEAOw==\" data-layzr=\"https:\/\/aci.hs-offenburg.de\/wp-content\/uploads\/2020\/02\/Comic-final-5.jpg\" alt=\"comic panel\" data-id=\"2055\" data-link=\"https:\/\/aci.hs-offenburg.de\/comic-final-5\/\" class=\"wp-image-2055\" data-layzr-srcset=\"https:\/\/aci.hs-offenburg.de\/wp-content\/uploads\/2020\/02\/Comic-final-5.jpg 1440w, https:\/\/aci.hs-offenburg.de\/wp-content\/uploads\/2020\/02\/Comic-final-5-300x187.jpg 300w, https:\/\/aci.hs-offenburg.de\/wp-content\/uploads\/2020\/02\/Comic-final-5-1024x639.jpg 1024w, https:\/\/aci.hs-offenburg.de\/wp-content\/uploads\/2020\/02\/Comic-final-5-768x479.jpg 768w, https:\/\/aci.hs-offenburg.de\/wp-content\/uploads\/2020\/02\/Comic-final-5-96x60.jpg 96w\" sizes=\"(max-width: 1440px) 100vw, 1440px\" \/><\/figure><\/li><\/ul><\/div><\/div><\/a>\n\n\n\n<div style=\"height:25px\" aria-hidden=\"true\" class=\"wp-block-spacer\"><\/div>\n\n\n\n<div class=\"is-layout-flex wp-container-4 wp-block-columns has-2-columns\">\n<div class=\"is-layout-flow wp-block-column\">\n<div class=\"wp-block-image\"><figure class=\"aligncenter size-large\"><img decoding=\"async\" loading=\"lazy\" width=\"400\" height=\"200\" src=\"data:image\/gif;base64,R0lGODlhAQABAAAAACH5BAEKAAEALAAAAAABAAEAAAICTAEAOw==\" data-layzr=\"https:\/\/aci.hs-offenburg.de\/wp-content\/uploads\/2021\/01\/comic_sponsors_de.jpg\" alt=\"\" class=\"wp-image-2537\" data-layzr-srcset=\"https:\/\/aci.hs-offenburg.de\/wp-content\/uploads\/2021\/01\/comic_sponsors_de.jpg 400w, https:\/\/aci.hs-offenburg.de\/wp-content\/uploads\/2021\/01\/comic_sponsors_de-300x150.jpg 300w, https:\/\/aci.hs-offenburg.de\/wp-content\/uploads\/2021\/01\/comic_sponsors_de-120x60.jpg 120w\" sizes=\"(max-width: 400px) 100vw, 400px\" \/><\/figure><\/div>\n<\/div>\n\n\n\n<div class=\"is-layout-flow wp-block-column\">\n<p class=\"has-text-align-center\">Das Projekt wurde realisiert <br>in Zusammenarbeit mit<br><strong><a href=\"http:\/\/agya.info\/\" target=\"_blank\" rel=\"noreferrer noopener\">AGYA<\/a> <\/strong><br><strong>(Arab German Young Academy)<\/strong>.<\/p>\n<\/div>\n<\/div>\n\n\n\n<hr class=\"wp-block-separator\"\/>\n","protected":false},"excerpt":{"rendered":"<p>Das Affective &amp; Cognitive Institute hat sich der Wissenschaftskommunikation verschrieben. F\u00fcr uns ist es wichtig, Forschung zug\u00e4nglich und leicht verst\u00e4ndlich zu machen. In unseren Science Comics nutzen wir die Vorteile von Illustration und Storytelling, um soziale Roboter, k\u00fcnstliche Intelligenz und affektives HCI zu erkl\u00e4ren. Science Comics: Soziale Roboter &#8211; Ein Science Comic \u201eSoziale Roboter &#8211; &hellip; <\/p>\n","protected":false},"author":10,"featured_media":0,"parent":0,"menu_order":0,"comment_status":"closed","ping_status":"closed","template":"","meta":[],"yoast_head":"<!-- This site is optimized with the Yoast SEO plugin v20.7 - https:\/\/yoast.com\/wordpress\/plugins\/seo\/ -->\n<title>Comics - Wissenschaftskommunikation mit Hilfe von Science Comics<\/title>\n<meta name=\"description\" content=\"Das Affective &amp; Cognitive Institute ist engagiert in der Wissenschaftskommunikation und visualisiert Forschung in Science Comics.\" \/>\n<meta name=\"robots\" content=\"index, follow, max-snippet:-1, max-image-preview:large, max-video-preview:-1\" \/>\n<link rel=\"canonical\" href=\"https:\/\/aci.hs-offenburg.de\/de\/comics\/\" \/>\n<meta property=\"og:locale\" content=\"de_DE\" \/>\n<meta property=\"og:type\" content=\"article\" \/>\n<meta property=\"og:title\" content=\"Comics - Wissenschaftskommunikation mit Hilfe von Science Comics\" \/>\n<meta property=\"og:description\" content=\"Das Affective &amp; Cognitive Institute ist engagiert in der Wissenschaftskommunikation und visualisiert Forschung in Science Comics.\" \/>\n<meta property=\"og:url\" content=\"https:\/\/aci.hs-offenburg.de\/de\/comics\/\" \/>\n<meta property=\"og:site_name\" content=\"Affective &amp; Cognitive Institute\" \/>\n<meta property=\"article:modified_time\" content=\"2021-04-12T11:59:26+00:00\" \/>\n<meta property=\"og:image\" content=\"https:\/\/aci.hs-offenburg.de\/wp-content\/uploads\/2021\/01\/soro_c-web-de-cover.jpg\" \/>\n<meta name=\"twitter:card\" content=\"summary_large_image\" \/>\n<meta name=\"twitter:label1\" content=\"Gesch\u00e4tzte Lesezeit\" \/>\n\t<meta name=\"twitter:data1\" content=\"3\u00a0Minuten\" \/>\n<script type=\"application\/ld+json\" class=\"yoast-schema-graph\">{\"@context\":\"https:\/\/schema.org\",\"@graph\":[{\"@type\":\"WebPage\",\"@id\":\"https:\/\/aci.hs-offenburg.de\/de\/comics\/\",\"url\":\"https:\/\/aci.hs-offenburg.de\/de\/comics\/\",\"name\":\"Comics - Wissenschaftskommunikation mit Hilfe von Science Comics\",\"isPartOf\":{\"@id\":\"https:\/\/aci.hs-offenburg.de\/#website\"},\"datePublished\":\"2020-02-12T20:45:42+00:00\",\"dateModified\":\"2021-04-12T11:59:26+00:00\",\"description\":\"Das Affective &amp; Cognitive Institute ist engagiert in der Wissenschaftskommunikation und visualisiert Forschung in Science Comics.\",\"breadcrumb\":{\"@id\":\"https:\/\/aci.hs-offenburg.de\/de\/comics\/#breadcrumb\"},\"inLanguage\":\"de\",\"potentialAction\":[{\"@type\":\"ReadAction\",\"target\":[\"https:\/\/aci.hs-offenburg.de\/de\/comics\/\"]}]},{\"@type\":\"BreadcrumbList\",\"@id\":\"https:\/\/aci.hs-offenburg.de\/de\/comics\/#breadcrumb\",\"itemListElement\":[{\"@type\":\"ListItem\",\"position\":1,\"name\":\"Home\",\"item\":\"https:\/\/aci.hs-offenburg.de\/\"},{\"@type\":\"ListItem\",\"position\":2,\"name\":\"Comics\"}]},{\"@type\":\"WebSite\",\"@id\":\"https:\/\/aci.hs-offenburg.de\/#website\",\"url\":\"https:\/\/aci.hs-offenburg.de\/\",\"name\":\"Affective &amp; Cognitive Institute\",\"description\":\"Human Computer Interaction Research\",\"publisher\":{\"@id\":\"https:\/\/aci.hs-offenburg.de\/#organization\"},\"potentialAction\":[{\"@type\":\"SearchAction\",\"target\":{\"@type\":\"EntryPoint\",\"urlTemplate\":\"https:\/\/aci.hs-offenburg.de\/?s={search_term_string}\"},\"query-input\":\"required name=search_term_string\"}],\"inLanguage\":\"de\"},{\"@type\":\"Organization\",\"@id\":\"https:\/\/aci.hs-offenburg.de\/#organization\",\"name\":\"ACI - Affective & Cognitive Institute\",\"url\":\"https:\/\/aci.hs-offenburg.de\/\",\"logo\":{\"@type\":\"ImageObject\",\"inLanguage\":\"de\",\"@id\":\"https:\/\/aci.hs-offenburg.de\/#\/schema\/logo\/image\/\",\"url\":\"https:\/\/aci.hs-offenburg.de\/wp-content\/uploads\/2018\/04\/ACI_Logo_01_small.png\",\"contentUrl\":\"https:\/\/aci.hs-offenburg.de\/wp-content\/uploads\/2018\/04\/ACI_Logo_01_small.png\",\"width\":400,\"height\":238,\"caption\":\"ACI - Affective & Cognitive Institute\"},\"image\":{\"@id\":\"https:\/\/aci.hs-offenburg.de\/#\/schema\/logo\/image\/\"},\"sameAs\":[\"https:\/\/www.youtube.com\/channel\/UCYetO2MEXJ0KMVWyxLXMS1g\"]}]}<\/script>\n<!-- \/ Yoast SEO plugin. -->","yoast_head_json":{"title":"Comics - Wissenschaftskommunikation mit Hilfe von Science Comics","description":"Das Affective &amp; Cognitive Institute ist engagiert in der Wissenschaftskommunikation und visualisiert Forschung in Science Comics.","robots":{"index":"index","follow":"follow","max-snippet":"max-snippet:-1","max-image-preview":"max-image-preview:large","max-video-preview":"max-video-preview:-1"},"canonical":"https:\/\/aci.hs-offenburg.de\/de\/comics\/","og_locale":"de_DE","og_type":"article","og_title":"Comics - Wissenschaftskommunikation mit Hilfe von Science Comics","og_description":"Das Affective &amp; Cognitive Institute ist engagiert in der Wissenschaftskommunikation und visualisiert Forschung in Science Comics.","og_url":"https:\/\/aci.hs-offenburg.de\/de\/comics\/","og_site_name":"Affective &amp; Cognitive Institute","article_modified_time":"2021-04-12T11:59:26+00:00","og_image":[{"url":"https:\/\/aci.hs-offenburg.de\/wp-content\/uploads\/2021\/01\/soro_c-web-de-cover.jpg"}],"twitter_card":"summary_large_image","twitter_misc":{"Gesch\u00e4tzte Lesezeit":"3\u00a0Minuten"},"schema":{"@context":"https:\/\/schema.org","@graph":[{"@type":"WebPage","@id":"https:\/\/aci.hs-offenburg.de\/de\/comics\/","url":"https:\/\/aci.hs-offenburg.de\/de\/comics\/","name":"Comics - Wissenschaftskommunikation mit Hilfe von Science Comics","isPartOf":{"@id":"https:\/\/aci.hs-offenburg.de\/#website"},"datePublished":"2020-02-12T20:45:42+00:00","dateModified":"2021-04-12T11:59:26+00:00","description":"Das Affective &amp; Cognitive Institute ist engagiert in der Wissenschaftskommunikation und visualisiert Forschung in Science Comics.","breadcrumb":{"@id":"https:\/\/aci.hs-offenburg.de\/de\/comics\/#breadcrumb"},"inLanguage":"de","potentialAction":[{"@type":"ReadAction","target":["https:\/\/aci.hs-offenburg.de\/de\/comics\/"]}]},{"@type":"BreadcrumbList","@id":"https:\/\/aci.hs-offenburg.de\/de\/comics\/#breadcrumb","itemListElement":[{"@type":"ListItem","position":1,"name":"Home","item":"https:\/\/aci.hs-offenburg.de\/"},{"@type":"ListItem","position":2,"name":"Comics"}]},{"@type":"WebSite","@id":"https:\/\/aci.hs-offenburg.de\/#website","url":"https:\/\/aci.hs-offenburg.de\/","name":"Affective &amp; Cognitive Institute","description":"Human Computer Interaction Research","publisher":{"@id":"https:\/\/aci.hs-offenburg.de\/#organization"},"potentialAction":[{"@type":"SearchAction","target":{"@type":"EntryPoint","urlTemplate":"https:\/\/aci.hs-offenburg.de\/?s={search_term_string}"},"query-input":"required name=search_term_string"}],"inLanguage":"de"},{"@type":"Organization","@id":"https:\/\/aci.hs-offenburg.de\/#organization","name":"ACI - Affective & Cognitive Institute","url":"https:\/\/aci.hs-offenburg.de\/","logo":{"@type":"ImageObject","inLanguage":"de","@id":"https:\/\/aci.hs-offenburg.de\/#\/schema\/logo\/image\/","url":"https:\/\/aci.hs-offenburg.de\/wp-content\/uploads\/2018\/04\/ACI_Logo_01_small.png","contentUrl":"https:\/\/aci.hs-offenburg.de\/wp-content\/uploads\/2018\/04\/ACI_Logo_01_small.png","width":400,"height":238,"caption":"ACI - Affective & Cognitive Institute"},"image":{"@id":"https:\/\/aci.hs-offenburg.de\/#\/schema\/logo\/image\/"},"sameAs":["https:\/\/www.youtube.com\/channel\/UCYetO2MEXJ0KMVWyxLXMS1g"]}]}},"_links":{"self":[{"href":"https:\/\/aci.hs-offenburg.de\/de\/wp-json\/wp\/v2\/pages\/2083\/"}],"collection":[{"href":"https:\/\/aci.hs-offenburg.de\/de\/wp-json\/wp\/v2\/pages\/"}],"about":[{"href":"https:\/\/aci.hs-offenburg.de\/de\/wp-json\/wp\/v2\/types\/page\/"}],"author":[{"embeddable":true,"href":"https:\/\/aci.hs-offenburg.de\/de\/wp-json\/wp\/v2\/users\/10\/"}],"replies":[{"embeddable":true,"href":"https:\/\/aci.hs-offenburg.de\/de\/wp-json\/wp\/v2\/comments\/?post=2083"}],"version-history":[{"count":31,"href":"https:\/\/aci.hs-offenburg.de\/de\/wp-json\/wp\/v2\/pages\/2083\/revisions\/"}],"predecessor-version":[{"id":2799,"href":"https:\/\/aci.hs-offenburg.de\/de\/wp-json\/wp\/v2\/pages\/2083\/revisions\/2799\/"}],"wp:attachment":[{"href":"https:\/\/aci.hs-offenburg.de\/de\/wp-json\/wp\/v2\/media\/?parent=2083"}],"curies":[{"name":"wp","href":"https:\/\/api.w.org\/{rel}","templated":true}]}}