{"id":2128,"date":"2020-04-28T12:03:53","date_gmt":"2020-04-28T10:03:53","guid":{"rendered":"https:\/\/aci.hs-offenburg.de\/?page_id=2128"},"modified":"2021-05-06T13:19:35","modified_gmt":"2021-05-06T11:19:35","slug":"open-access","status":"publish","type":"page","link":"https:\/\/aci.hs-offenburg.de\/de\/open-access\/","title":{"rendered":"Open Access"},"content":{"rendered":"\n<p>Auf dieser Seite ist eine Liste unserer <strong>Open Access Materialien<\/strong> zu finden.<\/p>\n\n\n\n<p>Diese Materialien wurden in unseren <strong><a href=\"https:\/\/aci.hs-offenburg.de\/de\/research_projects\/\" target=\"_blank\" rel=\"noreferrer noopener\">Forschungsprojekten<\/a><\/strong> erstellt und k\u00f6nnen unter den Bedingungen jeder Lizenz kostenlos verwendet werden.<\/p>\n\n\n\n<div style=\"height:20px\" aria-hidden=\"true\" class=\"wp-block-spacer\"><\/div>\n\n\n\n<hr class=\"wp-block-separator\"\/>\n\n\n\n<h2 class=\"has-light-green-cyan-color has-text-color\">incluMOVE Software &#8211; Open Source<\/h2>\n\n\n\n<h4>Gamification in einem adaptiven und didaktischen Assistenzsystem f\u00fcr eine neurodivergente Nutzergruppe<\/h4>\n\n\n\n<p>Die<strong> <a href=\"https:\/\/github.com\/AffectiveCognitiveInstitute\/inclumove\">incluMOVE software<\/a><\/strong> steht unter der <strong>MIT License <\/strong>frei verf\u00fcgbar. Das System kombiniert einen didaktischen Workflow einer Leiterplatinen Best\u00fcckung mit den positiven Effekten von Gamification.<\/p>\n\n\n\n<figure class=\"wp-block-image size-large\"><img decoding=\"async\" loading=\"lazy\" width=\"1920\" height=\"1080\" src=\"data:image\/gif;base64,R0lGODlhAQABAAAAACH5BAEKAAEALAAAAAABAAEAAAICTAEAOw==\" data-layzr=\"https:\/\/aci.hs-offenburg.de\/wp-content\/uploads\/2021\/05\/overview_inclumove-de.png\" alt=\"IncluMOVE Software \u00dcbersicht\" class=\"wp-image-2872\" data-layzr-srcset=\"https:\/\/aci.hs-offenburg.de\/wp-content\/uploads\/2021\/05\/overview_inclumove-de.png 1920w, https:\/\/aci.hs-offenburg.de\/wp-content\/uploads\/2021\/05\/overview_inclumove-de-1024x576.png 1024w, https:\/\/aci.hs-offenburg.de\/wp-content\/uploads\/2021\/05\/overview_inclumove-de-300x169.png 300w, https:\/\/aci.hs-offenburg.de\/wp-content\/uploads\/2021\/05\/overview_inclumove-de-768x432.png 768w, https:\/\/aci.hs-offenburg.de\/wp-content\/uploads\/2021\/05\/overview_inclumove-de-1536x864.png 1536w, https:\/\/aci.hs-offenburg.de\/wp-content\/uploads\/2021\/05\/overview_inclumove-de-107x60.png 107w\" sizes=\"(max-width: 1920px) 100vw, 1920px\" \/><\/figure>\n\n\n\n<p>Die Anwendung wurde innerhalb des <a href=\"http:\/\/inclumove.de\"><strong>incluMOVE Projektes<\/strong><\/a> (2017 &#8211; 2021) entwickelt. Das Projekt wurde gef\u00f6rdert vom <a href=\"https:\/\/www.bmbf.de\/\"><strong>Bundesministerium f\u00fcr Bildung und Forschung<\/strong><\/a> (BMBF).<\/p>\n\n\n\n<h3>Download<\/h3>\n\n\n\n<p>Die incluMOVE Anwendung steht<a href=\"https:\/\/github.com\/AffectiveCognitiveInstitute\/inclumove\"> auf Github <\/a>zur Verf\u00fcgung.<\/p>\n\n\n\n<div class=\"is-layout-flex wp-block-buttons is-content-justification-center\">\n<div class=\"wp-block-button\"><a class=\"wp-block-button__link has-light-green-cyan-background-color has-background\" href=\"https:\/\/github.com\/AffectiveCognitiveInstitute\/inclumove\" target=\"_blank\" rel=\"noopener\">Open Source incluMOVE<\/a><\/div>\n<\/div>\n\n\n\n<div style=\"height:50px\" aria-hidden=\"true\" class=\"wp-block-spacer\"><\/div>\n\n\n\n<hr class=\"wp-block-separator\"\/>\n\n\n\n<h2 class=\"has-light-green-cyan-color has-text-color\">Gregor Gouda &#8211; Ein Virtueller Assistent<\/h2>\n\n\n\n<h3>Design und Animation &#8211; Open Access<\/h3>\n\n\n\n<p>Der virtuelle Assistent <strong>Gregor Gouda <\/strong>steht zur Nutzung unter der Creative Commons CC-BY-SA Lizenz bereit. Seine Designs und Animationen k\u00f6nnen in allen \u00f6ffentlichen, gemeinn\u00fctzigen Projekten sowie Forschungsprojekten verwendet werden \u2013 unter der Bedingung, dass der Nutzer die Nutzungsbedingungen einh\u00e4lt.<\/p>\n\n\n\n<div class=\"wp-block-blockgallery-masonry\"><div class=\"blockgallery has-no-alignment has-caption-style-dark has-gutter\"><ul class=\"has-grid-xlrg has-gutter-15 has-gutter-mobile-15\"><li class=\"blockgallery--item\"><figure class=\"blockgallery--figure\"><img decoding=\"async\" loading=\"lazy\" width=\"1358\" height=\"1920\" src=\"data:image\/gif;base64,R0lGODlhAQABAAAAACH5BAEKAAEALAAAAAABAAEAAAICTAEAOw==\" data-layzr=\"https:\/\/aci.hs-offenburg.de\/wp-content\/uploads\/2020\/04\/Gregor_gouda-Full-1358x1920.jpg\" alt=\"\" data-id=\"2121\" data-link=\"https:\/\/aci.hs-offenburg.de\/de\/gregor_gouda-full-2\/\" class=\"wp-image-2121\" data-layzr-srcset=\"https:\/\/aci.hs-offenburg.de\/wp-content\/uploads\/2020\/04\/Gregor_gouda-Full.jpg 1358w, https:\/\/aci.hs-offenburg.de\/wp-content\/uploads\/2020\/04\/Gregor_gouda-Full-212x300.jpg 212w, https:\/\/aci.hs-offenburg.de\/wp-content\/uploads\/2020\/04\/Gregor_gouda-Full-724x1024.jpg 724w, https:\/\/aci.hs-offenburg.de\/wp-content\/uploads\/2020\/04\/Gregor_gouda-Full-768x1086.jpg 768w, https:\/\/aci.hs-offenburg.de\/wp-content\/uploads\/2020\/04\/Gregor_gouda-Full-42x60.jpg 42w\" sizes=\"(max-width: 1358px) 100vw, 1358px\" \/><\/figure><\/li><li class=\"blockgallery--item\"><figure class=\"blockgallery--figure\"><img decoding=\"async\" loading=\"lazy\" width=\"1920\" height=\"1080\" src=\"data:image\/gif;base64,R0lGODlhAQABAAAAACH5BAEKAAEALAAAAAABAAEAAAICTAEAOw==\" data-layzr=\"https:\/\/aci.hs-offenburg.de\/wp-content\/uploads\/2020\/04\/Gregor_gouda-background-1920x1080.jpg\" alt=\"\" data-id=\"2119\" data-link=\"https:\/\/aci.hs-offenburg.de\/de\/gregor_gouda-background-2\/\" class=\"wp-image-2119\" data-layzr-srcset=\"https:\/\/aci.hs-offenburg.de\/wp-content\/uploads\/2020\/04\/Gregor_gouda-background.jpg 1920w, https:\/\/aci.hs-offenburg.de\/wp-content\/uploads\/2020\/04\/Gregor_gouda-background-300x169.jpg 300w, https:\/\/aci.hs-offenburg.de\/wp-content\/uploads\/2020\/04\/Gregor_gouda-background-1024x576.jpg 1024w, https:\/\/aci.hs-offenburg.de\/wp-content\/uploads\/2020\/04\/Gregor_gouda-background-768x432.jpg 768w, https:\/\/aci.hs-offenburg.de\/wp-content\/uploads\/2020\/04\/Gregor_gouda-background-107x60.jpg 107w\" sizes=\"(max-width: 1920px) 100vw, 1920px\" \/><\/figure><\/li><li class=\"blockgallery--item\"><figure class=\"blockgallery--figure\"><img decoding=\"async\" loading=\"lazy\" width=\"1920\" height=\"1080\" src=\"data:image\/gif;base64,R0lGODlhAQABAAAAACH5BAEKAAEALAAAAAABAAEAAAICTAEAOw==\" data-layzr=\"https:\/\/aci.hs-offenburg.de\/wp-content\/uploads\/2020\/04\/Gregor_gouda-animation_overview-1920x1080.jpg\" alt=\"\" data-id=\"2117\" data-link=\"https:\/\/aci.hs-offenburg.de\/de\/gregor_gouda-animation_overview-2\/\" class=\"wp-image-2117\" data-layzr-srcset=\"https:\/\/aci.hs-offenburg.de\/wp-content\/uploads\/2020\/04\/Gregor_gouda-animation_overview.jpg 1920w, https:\/\/aci.hs-offenburg.de\/wp-content\/uploads\/2020\/04\/Gregor_gouda-animation_overview-300x169.jpg 300w, https:\/\/aci.hs-offenburg.de\/wp-content\/uploads\/2020\/04\/Gregor_gouda-animation_overview-1024x576.jpg 1024w, https:\/\/aci.hs-offenburg.de\/wp-content\/uploads\/2020\/04\/Gregor_gouda-animation_overview-768x432.jpg 768w, https:\/\/aci.hs-offenburg.de\/wp-content\/uploads\/2020\/04\/Gregor_gouda-animation_overview-107x60.jpg 107w\" sizes=\"(max-width: 1920px) 100vw, 1920px\" \/><\/figure><\/li><\/ul><\/div><\/div>\n\n\n\n<div style=\"height:20px\" aria-hidden=\"true\" class=\"wp-block-spacer\"><\/div>\n\n\n\n<p><a href=\"http:\/\/jonasgrund.com\" target=\"_blank\" rel=\"noreferrer noopener\"><strong>Jonas Grund<\/strong><\/a><a href=\"http:\/\/jonasgrund.com\"> <\/a>erschuf <strong>Gregor Gouda <\/strong>im <a href=\"http:\/\/inclumove.de\"><strong>incluMOVE Projekt<\/strong><\/a> (2017-2020), um als virtueller Assistent f\u00fcr Menschen mit geistiger Behinderung eingesetzt zu werden. Das Projekt wurde gef\u00f6rdert durch das <a href=\"https:\/\/www.bmbf.de\/\"><strong>Bundesministerium f\u00fcr Bildung und Forschung<\/strong><\/a> (BMBF).<\/p>\n\n\n\n<h3>Download<\/h3>\n\n\n\n<p>Der Download und die Lizenz von Gregor Gouda stehen<a href=\"https:\/\/github.com\/AffectiveCognitiveInstitute\/inclumove_graphics\"> auf Github <\/a>zur Verf\u00fcgung.<\/p>\n\n\n\n<div class=\"is-layout-flex wp-block-buttons is-content-justification-center\">\n<div class=\"wp-block-button\"><a class=\"wp-block-button__link has-light-green-cyan-background-color has-background\" href=\"https:\/\/github.com\/AffectiveCognitiveInstitute\/inclumove_graphics\" target=\"_blank\" rel=\"noopener\">Gregor Gouda CC-BY-SA<\/a><\/div>\n<\/div>\n\n\n\n<div style=\"height:50px\" aria-hidden=\"true\" class=\"wp-block-spacer\"><\/div>\n\n\n\n<hr class=\"wp-block-separator\"\/>\n","protected":false},"excerpt":{"rendered":"<p>Auf dieser Seite ist eine Liste unserer Open Access Materialien zu finden. Diese Materialien wurden in unseren Forschungsprojekten erstellt und k\u00f6nnen unter den Bedingungen jeder Lizenz kostenlos verwendet werden. incluMOVE Software &#8211; Open Source Gamification in einem adaptiven und didaktischen Assistenzsystem f\u00fcr eine neurodivergente Nutzergruppe Die incluMOVE software steht unter der MIT License frei verf\u00fcgbar. &hellip; <\/p>\n","protected":false},"author":10,"featured_media":2863,"parent":0,"menu_order":0,"comment_status":"closed","ping_status":"closed","template":"","meta":[],"yoast_head":"<!-- This site is optimized with the Yoast SEO plugin v20.7 - https:\/\/yoast.com\/wordpress\/plugins\/seo\/ -->\n<title>Open Access Ressourcen - Affective &amp; Cognitive Institute<\/title>\n<meta name=\"description\" content=\"Das Affective &amp; Cognitive Institute stellt Ergebnisse aus Forschungsprojekten wie Software Code unter Open Access Lizenzen zur Verf\u00fcgung.\" \/>\n<meta name=\"robots\" content=\"index, follow, max-snippet:-1, max-image-preview:large, max-video-preview:-1\" \/>\n<link rel=\"canonical\" href=\"https:\/\/aci.hs-offenburg.de\/de\/open-access\/\" \/>\n<meta property=\"og:locale\" content=\"de_DE\" \/>\n<meta property=\"og:type\" content=\"article\" \/>\n<meta property=\"og:title\" content=\"Open Access Ressourcen - Affective &amp; Cognitive Institute\" \/>\n<meta property=\"og:description\" content=\"Das Affective &amp; Cognitive Institute stellt Ergebnisse aus Forschungsprojekten wie Software Code unter Open Access Lizenzen zur Verf\u00fcgung.\" \/>\n<meta property=\"og:url\" content=\"https:\/\/aci.hs-offenburg.de\/de\/open-access\/\" \/>\n<meta property=\"og:site_name\" content=\"Affective &amp; Cognitive Institute\" \/>\n<meta property=\"article:modified_time\" content=\"2021-05-06T11:19:35+00:00\" \/>\n<meta property=\"og:image\" content=\"https:\/\/aci.hs-offenburg.de\/wp-content\/uploads\/2021\/05\/icon_open_access.jpg\" \/>\n\t<meta property=\"og:image:width\" content=\"600\" \/>\n\t<meta property=\"og:image:height\" content=\"154\" \/>\n\t<meta property=\"og:image:type\" content=\"image\/jpeg\" \/>\n<meta name=\"twitter:card\" content=\"summary_large_image\" \/>\n<meta name=\"twitter:label1\" content=\"Gesch\u00e4tzte Lesezeit\" \/>\n\t<meta name=\"twitter:data1\" content=\"2\u00a0Minuten\" \/>\n<script type=\"application\/ld+json\" class=\"yoast-schema-graph\">{\"@context\":\"https:\/\/schema.org\",\"@graph\":[{\"@type\":\"WebPage\",\"@id\":\"https:\/\/aci.hs-offenburg.de\/de\/open-access\/\",\"url\":\"https:\/\/aci.hs-offenburg.de\/de\/open-access\/\",\"name\":\"Open Access Ressourcen - Affective &amp; Cognitive Institute\",\"isPartOf\":{\"@id\":\"https:\/\/aci.hs-offenburg.de\/#website\"},\"datePublished\":\"2020-04-28T10:03:53+00:00\",\"dateModified\":\"2021-05-06T11:19:35+00:00\",\"description\":\"Das Affective &amp; Cognitive Institute stellt Ergebnisse aus Forschungsprojekten wie Software Code unter Open Access Lizenzen zur Verf\u00fcgung.\",\"breadcrumb\":{\"@id\":\"https:\/\/aci.hs-offenburg.de\/de\/open-access\/#breadcrumb\"},\"inLanguage\":\"de\",\"potentialAction\":[{\"@type\":\"ReadAction\",\"target\":[\"https:\/\/aci.hs-offenburg.de\/de\/open-access\/\"]}]},{\"@type\":\"BreadcrumbList\",\"@id\":\"https:\/\/aci.hs-offenburg.de\/de\/open-access\/#breadcrumb\",\"itemListElement\":[{\"@type\":\"ListItem\",\"position\":1,\"name\":\"Home\",\"item\":\"https:\/\/aci.hs-offenburg.de\/\"},{\"@type\":\"ListItem\",\"position\":2,\"name\":\"Open Access\"}]},{\"@type\":\"WebSite\",\"@id\":\"https:\/\/aci.hs-offenburg.de\/#website\",\"url\":\"https:\/\/aci.hs-offenburg.de\/\",\"name\":\"Affective &amp; Cognitive Institute\",\"description\":\"Human Computer Interaction Research\",\"publisher\":{\"@id\":\"https:\/\/aci.hs-offenburg.de\/#organization\"},\"potentialAction\":[{\"@type\":\"SearchAction\",\"target\":{\"@type\":\"EntryPoint\",\"urlTemplate\":\"https:\/\/aci.hs-offenburg.de\/?s={search_term_string}\"},\"query-input\":\"required name=search_term_string\"}],\"inLanguage\":\"de\"},{\"@type\":\"Organization\",\"@id\":\"https:\/\/aci.hs-offenburg.de\/#organization\",\"name\":\"ACI - Affective & Cognitive Institute\",\"url\":\"https:\/\/aci.hs-offenburg.de\/\",\"logo\":{\"@type\":\"ImageObject\",\"inLanguage\":\"de\",\"@id\":\"https:\/\/aci.hs-offenburg.de\/#\/schema\/logo\/image\/\",\"url\":\"https:\/\/aci.hs-offenburg.de\/wp-content\/uploads\/2018\/04\/ACI_Logo_01_small.png\",\"contentUrl\":\"https:\/\/aci.hs-offenburg.de\/wp-content\/uploads\/2018\/04\/ACI_Logo_01_small.png\",\"width\":400,\"height\":238,\"caption\":\"ACI - Affective & Cognitive Institute\"},\"image\":{\"@id\":\"https:\/\/aci.hs-offenburg.de\/#\/schema\/logo\/image\/\"},\"sameAs\":[\"https:\/\/www.youtube.com\/channel\/UCYetO2MEXJ0KMVWyxLXMS1g\"]}]}<\/script>\n<!-- \/ Yoast SEO plugin. -->","yoast_head_json":{"title":"Open Access Ressourcen - Affective &amp; Cognitive Institute","description":"Das Affective &amp; Cognitive Institute stellt Ergebnisse aus Forschungsprojekten wie Software Code unter Open Access Lizenzen zur Verf\u00fcgung.","robots":{"index":"index","follow":"follow","max-snippet":"max-snippet:-1","max-image-preview":"max-image-preview:large","max-video-preview":"max-video-preview:-1"},"canonical":"https:\/\/aci.hs-offenburg.de\/de\/open-access\/","og_locale":"de_DE","og_type":"article","og_title":"Open Access Ressourcen - Affective &amp; Cognitive Institute","og_description":"Das Affective &amp; Cognitive Institute stellt Ergebnisse aus Forschungsprojekten wie Software Code unter Open Access Lizenzen zur Verf\u00fcgung.","og_url":"https:\/\/aci.hs-offenburg.de\/de\/open-access\/","og_site_name":"Affective &amp; Cognitive Institute","article_modified_time":"2021-05-06T11:19:35+00:00","og_image":[{"width":600,"height":154,"url":"https:\/\/aci.hs-offenburg.de\/wp-content\/uploads\/2021\/05\/icon_open_access.jpg","type":"image\/jpeg"}],"twitter_card":"summary_large_image","twitter_misc":{"Gesch\u00e4tzte Lesezeit":"2\u00a0Minuten"},"schema":{"@context":"https:\/\/schema.org","@graph":[{"@type":"WebPage","@id":"https:\/\/aci.hs-offenburg.de\/de\/open-access\/","url":"https:\/\/aci.hs-offenburg.de\/de\/open-access\/","name":"Open Access Ressourcen - Affective &amp; Cognitive Institute","isPartOf":{"@id":"https:\/\/aci.hs-offenburg.de\/#website"},"datePublished":"2020-04-28T10:03:53+00:00","dateModified":"2021-05-06T11:19:35+00:00","description":"Das Affective &amp; Cognitive Institute stellt Ergebnisse aus Forschungsprojekten wie Software Code unter Open Access Lizenzen zur Verf\u00fcgung.","breadcrumb":{"@id":"https:\/\/aci.hs-offenburg.de\/de\/open-access\/#breadcrumb"},"inLanguage":"de","potentialAction":[{"@type":"ReadAction","target":["https:\/\/aci.hs-offenburg.de\/de\/open-access\/"]}]},{"@type":"BreadcrumbList","@id":"https:\/\/aci.hs-offenburg.de\/de\/open-access\/#breadcrumb","itemListElement":[{"@type":"ListItem","position":1,"name":"Home","item":"https:\/\/aci.hs-offenburg.de\/"},{"@type":"ListItem","position":2,"name":"Open Access"}]},{"@type":"WebSite","@id":"https:\/\/aci.hs-offenburg.de\/#website","url":"https:\/\/aci.hs-offenburg.de\/","name":"Affective &amp; Cognitive Institute","description":"Human Computer Interaction Research","publisher":{"@id":"https:\/\/aci.hs-offenburg.de\/#organization"},"potentialAction":[{"@type":"SearchAction","target":{"@type":"EntryPoint","urlTemplate":"https:\/\/aci.hs-offenburg.de\/?s={search_term_string}"},"query-input":"required name=search_term_string"}],"inLanguage":"de"},{"@type":"Organization","@id":"https:\/\/aci.hs-offenburg.de\/#organization","name":"ACI - Affective & Cognitive Institute","url":"https:\/\/aci.hs-offenburg.de\/","logo":{"@type":"ImageObject","inLanguage":"de","@id":"https:\/\/aci.hs-offenburg.de\/#\/schema\/logo\/image\/","url":"https:\/\/aci.hs-offenburg.de\/wp-content\/uploads\/2018\/04\/ACI_Logo_01_small.png","contentUrl":"https:\/\/aci.hs-offenburg.de\/wp-content\/uploads\/2018\/04\/ACI_Logo_01_small.png","width":400,"height":238,"caption":"ACI - Affective & Cognitive Institute"},"image":{"@id":"https:\/\/aci.hs-offenburg.de\/#\/schema\/logo\/image\/"},"sameAs":["https:\/\/www.youtube.com\/channel\/UCYetO2MEXJ0KMVWyxLXMS1g"]}]}},"_links":{"self":[{"href":"https:\/\/aci.hs-offenburg.de\/de\/wp-json\/wp\/v2\/pages\/2128\/"}],"collection":[{"href":"https:\/\/aci.hs-offenburg.de\/de\/wp-json\/wp\/v2\/pages\/"}],"about":[{"href":"https:\/\/aci.hs-offenburg.de\/de\/wp-json\/wp\/v2\/types\/page\/"}],"author":[{"embeddable":true,"href":"https:\/\/aci.hs-offenburg.de\/de\/wp-json\/wp\/v2\/users\/10\/"}],"replies":[{"embeddable":true,"href":"https:\/\/aci.hs-offenburg.de\/de\/wp-json\/wp\/v2\/comments\/?post=2128"}],"version-history":[{"count":13,"href":"https:\/\/aci.hs-offenburg.de\/de\/wp-json\/wp\/v2\/pages\/2128\/revisions\/"}],"predecessor-version":[{"id":2882,"href":"https:\/\/aci.hs-offenburg.de\/de\/wp-json\/wp\/v2\/pages\/2128\/revisions\/2882\/"}],"wp:featuredmedia":[{"embeddable":true,"href":"https:\/\/aci.hs-offenburg.de\/de\/wp-json\/wp\/v2\/media\/2863\/"}],"wp:attachment":[{"href":"https:\/\/aci.hs-offenburg.de\/de\/wp-json\/wp\/v2\/media\/?parent=2128"}],"curies":[{"name":"wp","href":"https:\/\/api.w.org\/{rel}","templated":true}]}}