{"id":2506,"date":"2021-01-25T17:02:07","date_gmt":"2021-01-25T16:02:07","guid":{"rendered":"https:\/\/aci.hs-offenburg.de\/?page_id=2506"},"modified":"2021-03-22T14:34:51","modified_gmt":"2021-03-22T13:34:51","slug":"soziale-roboter-ein-science-comic","status":"publish","type":"page","link":"https:\/\/aci.hs-offenburg.de\/de\/soziale-roboter-ein-science-comic\/","title":{"rendered":"Soziale Roboter &#8211; Ein Science Comic"},"content":{"rendered":"\n<div style=\"height:100px\" aria-hidden=\"true\" class=\"wp-block-spacer\"><\/div>\n\n\n\n<div class=\"_3d-flip-book  fb3d-fullscreen-mode full-size\" data-id=\"2507\" data-mode=\"fullscreen\" data-title=\"false\" data-template=\"short-white-book-view\" data-lightbox=\"dark\" data-urlparam=\"fb3d-page\" data-page-n=\"0\" data-pdf=\"\" data-tax=\"null\" data-thumbnail=\"\" data-cols=\"3\"><\/div>\n\n\n\n<div style=\"height:100px\" aria-hidden=\"true\" class=\"wp-block-spacer\"><\/div>\n\n\n\n<hr class=\"wp-block-separator has-text-color has-background has-vivid-cyan-blue-background-color has-vivid-cyan-blue-color is-style-wide\"\/>\n\n\n\n<p><strong>Zusammenfassung<\/strong><\/p>\n\n\n\n<div class=\"is-layout-flex wp-container-3 wp-block-columns\">\n<div class=\"is-layout-flow wp-block-column\" style=\"flex-basis:66.66%\">\n<p>Der Prototyp eines sozialen Roboters ist kurz vor der ersten gro\u00dfen Feldstudie f\u00fcr den Einsatz in der Altenpflege aus dem Forschungslabor verschwunden. Auf der Suche nach dem gestohlenen Roboter tun sich viele Fragen auf:<\/p>\n\n\n\n<ul><li>Was sind soziale Roboter und wie k\u00f6nnen sie eingesetzt werden?<\/li><li>Wie k\u00f6nnen soziale Roboter in der Altenpflege eingesetzt werden?<\/li><li>Gef\u00e4hrden soziale Roboter Arbeitspl\u00e4tze?<\/li><li>Was sind m\u00f6gliche L\u00f6sungsans\u00e4tze?<\/li><\/ul>\n\n\n\n<p>Kommissarin Kira ermittelt und findet viele Antworten&#8230;<\/p>\n<\/div>\n\n\n\n<div class=\"is-layout-flow wp-block-column\" style=\"flex-basis:33.33%\">\n<figure class=\"wp-block-image size-large\"><img decoding=\"async\" loading=\"lazy\" width=\"1358\" height=\"1920\" src=\"data:image\/gif;base64,R0lGODlhAQABAAAAACH5BAEKAAEALAAAAAABAAEAAAICTAEAOw==\" data-layzr=\"https:\/\/aci.hs-offenburg.de\/wp-content\/uploads\/2021\/01\/soro_c-web-de-cover.jpg\" alt=\"Soziale Roboter - Ein Science Comic\" class=\"wp-image-2516\" data-layzr-srcset=\"https:\/\/aci.hs-offenburg.de\/wp-content\/uploads\/2021\/01\/soro_c-web-de-cover.jpg 1358w, https:\/\/aci.hs-offenburg.de\/wp-content\/uploads\/2021\/01\/soro_c-web-de-cover-724x1024.jpg 724w, https:\/\/aci.hs-offenburg.de\/wp-content\/uploads\/2021\/01\/soro_c-web-de-cover-212x300.jpg 212w, https:\/\/aci.hs-offenburg.de\/wp-content\/uploads\/2021\/01\/soro_c-web-de-cover-768x1086.jpg 768w, https:\/\/aci.hs-offenburg.de\/wp-content\/uploads\/2021\/01\/soro_c-web-de-cover-1086x1536.jpg 1086w, https:\/\/aci.hs-offenburg.de\/wp-content\/uploads\/2021\/01\/soro_c-web-de-cover-42x60.jpg 42w\" sizes=\"(max-width: 1358px) 100vw, 1358px\" \/><\/figure>\n<\/div>\n<\/div>\n\n\n\n<hr class=\"wp-block-separator has-text-color has-background has-vivid-cyan-blue-background-color has-vivid-cyan-blue-color is-style-wide\"\/>\n\n\n\n<p><strong>Hintergrund<\/strong><\/p>\n\n\n\n<p><a href=\"https:\/\/aci.hs-offenburg.de\/de\/team\/\" target=\"_blank\" rel=\"noreferrer noopener\"><strong>Prof. Dr. Oliver Korn<\/strong><\/a>, Leiter des <strong><a href=\"https:\/\/aci.hs-offenburg.de\/de\/about\/\" target=\"_blank\" rel=\"noreferrer noopener\">Affective &amp; Cognitive Institute (ACI<\/a><\/strong><a href=\"https:\/\/aci.hs-offenburg.de\/de\/about\/\">)<\/a> an der Hochschule Offenburg, ist Ideengeber und wissenschaftlicher Autor von &#8222;<em>Soziale Roboter &#8211; Ein Science Comic<\/em>&#8222;. Der Grafiker<strong> <a href=\"https:\/\/jonasgrund.com\/\" target=\"_blank\" rel=\"noreferrer noopener\">Jonas Grund<\/a><\/strong> tauchte als Mitarbeiter des ACI in die Welt der Wissenschaft ein und lie\u00df seine Erfahrungen in den Comic einflie\u00dfen. Die Autoren vermitteln mit dem Comic leicht verst\u00e4ndlich einen aktuellen Stand und Ausblick der Wissenschaften im Bereich Sozialer Roboter und K\u00fcnstliche Intelligenz. Sie bieten damit eine Grundlage f\u00fcr eine breite gesellschaftliche Debatte an.<\/p>\n\n\n\n<p>Der 72 seitige Comic ist im DIN A4 hoch Format erschienen. Er steht in deutscher und englischer Sprache kostenlos im eReader zur Verf\u00fcgung und kann als Printversion \u00fcber den <a href=\"https:\/\/shop.hs-offenburg.de\/\" target=\"_blank\" rel=\"noreferrer noopener\">Hochschulshop<\/a> erworben werden. <\/p>\n\n\n\n<hr class=\"wp-block-separator has-text-color has-background has-vivid-cyan-blue-background-color has-vivid-cyan-blue-color is-style-wide\"\/>\n\n\n\n<p><strong>Impressum<\/strong><\/p>\n\n\n\n<p>\u00a9 2020 Affective &amp; Cognitive Institute ACI<br>Herausgegeben im Selbstverlag Affective &amp; Cognitive Institute ACI, Hochschule Offenburg \u2013 Technik, Wirtschaft und Medien, Badstra\u00dfe 24, 77652 Offenburg, Deutschland. https:\/\/aci.hs-offenburg.de\/<br><\/p>\n\n\n\n<p>Druck: BOD Badische Offsetdruck Lahr GmbH, Hinlehreweg 9,<br>77933 Lahr &#8211; Germany<\/p>\n\n\n\n<p>ISBN print deutsch: 978-3-9822778-1-3<br>ISBN print englisch: 978-3-9822778-0-6 <\/p>\n\n\n\n<p>Das Werk, einschlie\u00dflich seiner Teile, ist urheberrechtlich gesch\u00fctzt. Jede Verwertung ist ohne Zustimmung des Verlages und des Autors unzul\u00e4ssig. Dies gilt insbesondere f\u00fcr die elektronische oder sonstige Vervielf\u00e4ltigung, \u00dcbersetzung, Verbreitung und \u00f6ffentliche Zug\u00e4nglichmachung.<\/p>\n\n\n\n<hr class=\"wp-block-separator has-text-color has-background has-vivid-cyan-blue-background-color has-vivid-cyan-blue-color is-style-wide\"\/>\n\n\n\n<p><em>Soziale Roboter &#8211; Ein Science Comic<\/em> wurde realisiert in Zusammenarbeit mit <strong><a href=\"http:\/\/agya.info\/\" target=\"_blank\" rel=\"noreferrer noopener\">AGYA<\/a><\/strong> <strong>(Arab German Young Academy)<\/strong> und wurde gef\u00f6rdert vom <a href=\"https:\/\/www.bmbf.de\/\" target=\"_blank\" rel=\"noreferrer noopener\"><strong>Bundesministerium f\u00fcr Bildung und Forschung.<\/strong><\/a><\/p>\n\n\n\n<div class=\"wp-block-image\"><figure class=\"aligncenter size-large\"><img decoding=\"async\" loading=\"lazy\" width=\"400\" height=\"200\" src=\"data:image\/gif;base64,R0lGODlhAQABAAAAACH5BAEKAAEALAAAAAABAAEAAAICTAEAOw==\" data-layzr=\"https:\/\/aci.hs-offenburg.de\/wp-content\/uploads\/2021\/01\/comic_sponsors_de.jpg\" alt=\"\" class=\"wp-image-2537\" data-layzr-srcset=\"https:\/\/aci.hs-offenburg.de\/wp-content\/uploads\/2021\/01\/comic_sponsors_de.jpg 400w, https:\/\/aci.hs-offenburg.de\/wp-content\/uploads\/2021\/01\/comic_sponsors_de-300x150.jpg 300w, https:\/\/aci.hs-offenburg.de\/wp-content\/uploads\/2021\/01\/comic_sponsors_de-120x60.jpg 120w\" sizes=\"(max-width: 400px) 100vw, 400px\" \/><\/figure><\/div>\n\n\n\n<p><\/p>\n","protected":false},"excerpt":{"rendered":"<p>Zusammenfassung Der Prototyp eines sozialen Roboters ist kurz vor der ersten gro\u00dfen Feldstudie f\u00fcr den Einsatz in der Altenpflege aus dem Forschungslabor verschwunden. Auf der Suche nach dem gestohlenen Roboter tun sich viele Fragen auf: Was sind soziale Roboter und wie k\u00f6nnen sie eingesetzt werden? Wie k\u00f6nnen soziale Roboter in der Altenpflege eingesetzt werden? Gef\u00e4hrden &hellip; <\/p>\n","protected":false},"author":10,"featured_media":0,"parent":0,"menu_order":0,"comment_status":"open","ping_status":"closed","template":"","meta":[],"yoast_head":"<!-- This site is optimized with the Yoast SEO plugin v20.7 - https:\/\/yoast.com\/wordpress\/plugins\/seo\/ -->\n<title>Soziale Roboter - Ein Science Comic - Affective &amp; Cognitive Institute<\/title>\n<meta name=\"description\" content=\"Soziale Roboter - Ein Science Comic ist ein Wissenschaftscomic \u00fcber Soziale Roboter, ihren Einsatz im Gesundheitswesen und das F\u00fcr und Wider.\" \/>\n<meta name=\"robots\" content=\"index, follow, max-snippet:-1, max-image-preview:large, max-video-preview:-1\" \/>\n<link rel=\"canonical\" href=\"https:\/\/aci.hs-offenburg.de\/de\/soziale-roboter-ein-science-comic\/\" \/>\n<meta property=\"og:locale\" content=\"de_DE\" \/>\n<meta property=\"og:type\" content=\"article\" \/>\n<meta property=\"og:title\" content=\"Soziale Roboter - Ein Science Comic - Affective &amp; Cognitive Institute\" \/>\n<meta property=\"og:description\" content=\"Soziale Roboter - Ein Science Comic ist ein Wissenschaftscomic \u00fcber Soziale Roboter, ihren Einsatz im Gesundheitswesen und das F\u00fcr und Wider.\" \/>\n<meta property=\"og:url\" content=\"https:\/\/aci.hs-offenburg.de\/de\/soziale-roboter-ein-science-comic\/\" \/>\n<meta property=\"og:site_name\" content=\"Affective &amp; Cognitive Institute\" \/>\n<meta property=\"article:modified_time\" content=\"2021-03-22T13:34:51+00:00\" \/>\n<meta property=\"og:image\" content=\"https:\/\/aci.hs-offenburg.de\/wp-content\/uploads\/2021\/01\/soro_c-web-de-cover.jpg\" \/>\n\t<meta property=\"og:image:width\" content=\"1358\" \/>\n\t<meta property=\"og:image:height\" content=\"1920\" \/>\n\t<meta property=\"og:image:type\" content=\"image\/jpeg\" \/>\n<meta name=\"twitter:card\" content=\"summary_large_image\" \/>\n<meta name=\"twitter:image\" content=\"https:\/\/aci.hs-offenburg.de\/wp-content\/uploads\/2021\/01\/soro_c-web-de-cover.jpg\" \/>\n<meta name=\"twitter:label1\" content=\"Gesch\u00e4tzte Lesezeit\" \/>\n\t<meta name=\"twitter:data1\" content=\"2\u00a0Minuten\" \/>\n<script type=\"application\/ld+json\" class=\"yoast-schema-graph\">{\"@context\":\"https:\/\/schema.org\",\"@graph\":[{\"@type\":\"WebPage\",\"@id\":\"https:\/\/aci.hs-offenburg.de\/de\/soziale-roboter-ein-science-comic\/\",\"url\":\"https:\/\/aci.hs-offenburg.de\/de\/soziale-roboter-ein-science-comic\/\",\"name\":\"Soziale Roboter - Ein Science Comic - Affective &amp; Cognitive Institute\",\"isPartOf\":{\"@id\":\"https:\/\/aci.hs-offenburg.de\/#website\"},\"datePublished\":\"2021-01-25T16:02:07+00:00\",\"dateModified\":\"2021-03-22T13:34:51+00:00\",\"description\":\"Soziale Roboter - Ein Science Comic ist ein Wissenschaftscomic \u00fcber Soziale Roboter, ihren Einsatz im Gesundheitswesen und das F\u00fcr und Wider.\",\"breadcrumb\":{\"@id\":\"https:\/\/aci.hs-offenburg.de\/de\/soziale-roboter-ein-science-comic\/#breadcrumb\"},\"inLanguage\":\"de\",\"potentialAction\":[{\"@type\":\"ReadAction\",\"target\":[\"https:\/\/aci.hs-offenburg.de\/de\/soziale-roboter-ein-science-comic\/\"]}]},{\"@type\":\"BreadcrumbList\",\"@id\":\"https:\/\/aci.hs-offenburg.de\/de\/soziale-roboter-ein-science-comic\/#breadcrumb\",\"itemListElement\":[{\"@type\":\"ListItem\",\"position\":1,\"name\":\"Home\",\"item\":\"https:\/\/aci.hs-offenburg.de\/\"},{\"@type\":\"ListItem\",\"position\":2,\"name\":\"Soziale Roboter &#8211; Ein Science Comic\"}]},{\"@type\":\"WebSite\",\"@id\":\"https:\/\/aci.hs-offenburg.de\/#website\",\"url\":\"https:\/\/aci.hs-offenburg.de\/\",\"name\":\"Affective &amp; Cognitive Institute\",\"description\":\"Human Computer Interaction Research\",\"publisher\":{\"@id\":\"https:\/\/aci.hs-offenburg.de\/#organization\"},\"potentialAction\":[{\"@type\":\"SearchAction\",\"target\":{\"@type\":\"EntryPoint\",\"urlTemplate\":\"https:\/\/aci.hs-offenburg.de\/?s={search_term_string}\"},\"query-input\":\"required name=search_term_string\"}],\"inLanguage\":\"de\"},{\"@type\":\"Organization\",\"@id\":\"https:\/\/aci.hs-offenburg.de\/#organization\",\"name\":\"ACI - Affective & Cognitive Institute\",\"url\":\"https:\/\/aci.hs-offenburg.de\/\",\"logo\":{\"@type\":\"ImageObject\",\"inLanguage\":\"de\",\"@id\":\"https:\/\/aci.hs-offenburg.de\/#\/schema\/logo\/image\/\",\"url\":\"https:\/\/aci.hs-offenburg.de\/wp-content\/uploads\/2018\/04\/ACI_Logo_01_small.png\",\"contentUrl\":\"https:\/\/aci.hs-offenburg.de\/wp-content\/uploads\/2018\/04\/ACI_Logo_01_small.png\",\"width\":400,\"height\":238,\"caption\":\"ACI - Affective & Cognitive Institute\"},\"image\":{\"@id\":\"https:\/\/aci.hs-offenburg.de\/#\/schema\/logo\/image\/\"},\"sameAs\":[\"https:\/\/www.youtube.com\/channel\/UCYetO2MEXJ0KMVWyxLXMS1g\"]}]}<\/script>\n<!-- \/ Yoast SEO plugin. -->","yoast_head_json":{"title":"Soziale Roboter - Ein Science Comic - Affective &amp; Cognitive Institute","description":"Soziale Roboter - Ein Science Comic ist ein Wissenschaftscomic \u00fcber Soziale Roboter, ihren Einsatz im Gesundheitswesen und das F\u00fcr und Wider.","robots":{"index":"index","follow":"follow","max-snippet":"max-snippet:-1","max-image-preview":"max-image-preview:large","max-video-preview":"max-video-preview:-1"},"canonical":"https:\/\/aci.hs-offenburg.de\/de\/soziale-roboter-ein-science-comic\/","og_locale":"de_DE","og_type":"article","og_title":"Soziale Roboter - Ein Science Comic - Affective &amp; Cognitive Institute","og_description":"Soziale Roboter - Ein Science Comic ist ein Wissenschaftscomic \u00fcber Soziale Roboter, ihren Einsatz im Gesundheitswesen und das F\u00fcr und Wider.","og_url":"https:\/\/aci.hs-offenburg.de\/de\/soziale-roboter-ein-science-comic\/","og_site_name":"Affective &amp; Cognitive Institute","article_modified_time":"2021-03-22T13:34:51+00:00","og_image":[{"width":1358,"height":1920,"url":"https:\/\/aci.hs-offenburg.de\/wp-content\/uploads\/2021\/01\/soro_c-web-de-cover.jpg","type":"image\/jpeg"}],"twitter_card":"summary_large_image","twitter_image":"https:\/\/aci.hs-offenburg.de\/wp-content\/uploads\/2021\/01\/soro_c-web-de-cover.jpg","twitter_misc":{"Gesch\u00e4tzte Lesezeit":"2\u00a0Minuten"},"schema":{"@context":"https:\/\/schema.org","@graph":[{"@type":"WebPage","@id":"https:\/\/aci.hs-offenburg.de\/de\/soziale-roboter-ein-science-comic\/","url":"https:\/\/aci.hs-offenburg.de\/de\/soziale-roboter-ein-science-comic\/","name":"Soziale Roboter - Ein Science Comic - Affective &amp; Cognitive Institute","isPartOf":{"@id":"https:\/\/aci.hs-offenburg.de\/#website"},"datePublished":"2021-01-25T16:02:07+00:00","dateModified":"2021-03-22T13:34:51+00:00","description":"Soziale Roboter - Ein Science Comic ist ein Wissenschaftscomic \u00fcber Soziale Roboter, ihren Einsatz im Gesundheitswesen und das F\u00fcr und Wider.","breadcrumb":{"@id":"https:\/\/aci.hs-offenburg.de\/de\/soziale-roboter-ein-science-comic\/#breadcrumb"},"inLanguage":"de","potentialAction":[{"@type":"ReadAction","target":["https:\/\/aci.hs-offenburg.de\/de\/soziale-roboter-ein-science-comic\/"]}]},{"@type":"BreadcrumbList","@id":"https:\/\/aci.hs-offenburg.de\/de\/soziale-roboter-ein-science-comic\/#breadcrumb","itemListElement":[{"@type":"ListItem","position":1,"name":"Home","item":"https:\/\/aci.hs-offenburg.de\/"},{"@type":"ListItem","position":2,"name":"Soziale Roboter &#8211; Ein Science Comic"}]},{"@type":"WebSite","@id":"https:\/\/aci.hs-offenburg.de\/#website","url":"https:\/\/aci.hs-offenburg.de\/","name":"Affective &amp; Cognitive Institute","description":"Human Computer Interaction Research","publisher":{"@id":"https:\/\/aci.hs-offenburg.de\/#organization"},"potentialAction":[{"@type":"SearchAction","target":{"@type":"EntryPoint","urlTemplate":"https:\/\/aci.hs-offenburg.de\/?s={search_term_string}"},"query-input":"required name=search_term_string"}],"inLanguage":"de"},{"@type":"Organization","@id":"https:\/\/aci.hs-offenburg.de\/#organization","name":"ACI - Affective & Cognitive Institute","url":"https:\/\/aci.hs-offenburg.de\/","logo":{"@type":"ImageObject","inLanguage":"de","@id":"https:\/\/aci.hs-offenburg.de\/#\/schema\/logo\/image\/","url":"https:\/\/aci.hs-offenburg.de\/wp-content\/uploads\/2018\/04\/ACI_Logo_01_small.png","contentUrl":"https:\/\/aci.hs-offenburg.de\/wp-content\/uploads\/2018\/04\/ACI_Logo_01_small.png","width":400,"height":238,"caption":"ACI - Affective & Cognitive Institute"},"image":{"@id":"https:\/\/aci.hs-offenburg.de\/#\/schema\/logo\/image\/"},"sameAs":["https:\/\/www.youtube.com\/channel\/UCYetO2MEXJ0KMVWyxLXMS1g"]}]}},"_links":{"self":[{"href":"https:\/\/aci.hs-offenburg.de\/de\/wp-json\/wp\/v2\/pages\/2506\/"}],"collection":[{"href":"https:\/\/aci.hs-offenburg.de\/de\/wp-json\/wp\/v2\/pages\/"}],"about":[{"href":"https:\/\/aci.hs-offenburg.de\/de\/wp-json\/wp\/v2\/types\/page\/"}],"author":[{"embeddable":true,"href":"https:\/\/aci.hs-offenburg.de\/de\/wp-json\/wp\/v2\/users\/10\/"}],"replies":[{"embeddable":true,"href":"https:\/\/aci.hs-offenburg.de\/de\/wp-json\/wp\/v2\/comments\/?post=2506"}],"version-history":[{"count":20,"href":"https:\/\/aci.hs-offenburg.de\/de\/wp-json\/wp\/v2\/pages\/2506\/revisions\/"}],"predecessor-version":[{"id":2769,"href":"https:\/\/aci.hs-offenburg.de\/de\/wp-json\/wp\/v2\/pages\/2506\/revisions\/2769\/"}],"wp:attachment":[{"href":"https:\/\/aci.hs-offenburg.de\/de\/wp-json\/wp\/v2\/media\/?parent=2506"}],"curies":[{"name":"wp","href":"https:\/\/api.w.org\/{rel}","templated":true}]}}