{"id":253,"date":"2017-11-21T09:57:09","date_gmt":"2017-11-21T09:57:09","guid":{"rendered":"https:\/\/aci.hs-offenburg.de\/?page_id=253"},"modified":"2019-01-22T13:02:58","modified_gmt":"2019-01-22T12:02:58","slug":"inclumove","status":"publish","type":"page","link":"https:\/\/aci.hs-offenburg.de\/de\/inclumove\/","title":{"rendered":"incluMOVE"},"content":{"rendered":"<h2>Eine kontextbewusste Lern- und Arbeitsumgebung, die leistungsgeminderten Menschen den Zugang zum allgemeinen Arbeitsmarkt erm\u00f6glicht<\/h2>\n<h3>Motivation<\/h3>\n<p>In Deutschland arbeiten derzeit \u00fcber 300.000 Menschen mit Behinderung in gesch\u00fctzten Arbeitsverh\u00e4ltnissen (Behindertenwerkst\u00e4tten). Diesen Menschen den Zugang zum allgemeinen Arbeitsmarkt zu erm\u00f6glichen w\u00e4re eine gro\u00dfe Errungenschaft &#8211; nicht nur aus wirtschaftlichen Gr\u00fcnden, vor allem den Betroffenen selbst g\u00e4be es ein wichtiges Gef\u00fchl der Zugeh\u00f6rigkeit zur Gesellschaft.<\/p>\n<figure id=\"attachment_300\" aria-describedby=\"caption-attachment-300\" style=\"width: 790px\" class=\"wp-caption alignnone\"><img decoding=\"async\" loading=\"lazy\" class=\"wp-image-300 size-large\" src=\"data:image\/gif;base64,R0lGODlhAQABAAAAACH5BAEKAAEALAAAAAABAAEAAAICTAEAOw==\" data-layzr=\"https:\/\/aci.hs-offenburg.de\/wp-content\/uploads\/2017\/11\/1711_steckvorgang6-800x533.jpg\" alt=\"\" width=\"790\" height=\"526\" data-layzr-srcset=\"https:\/\/aci.hs-offenburg.de\/wp-content\/uploads\/2017\/11\/1711_steckvorgang6-800x533.jpg 800w, https:\/\/aci.hs-offenburg.de\/wp-content\/uploads\/2017\/11\/1711_steckvorgang6-300x200.jpg 300w, https:\/\/aci.hs-offenburg.de\/wp-content\/uploads\/2017\/11\/1711_steckvorgang6-1024x683.jpg 1024w, https:\/\/aci.hs-offenburg.de\/wp-content\/uploads\/2017\/11\/1711_steckvorgang6-1920x1280.jpg 1920w, https:\/\/aci.hs-offenburg.de\/wp-content\/uploads\/2017\/11\/1711_steckvorgang6-768x512.jpg 768w, https:\/\/aci.hs-offenburg.de\/wp-content\/uploads\/2017\/11\/1711_steckvorgang6-90x60.jpg 90w, https:\/\/aci.hs-offenburg.de\/wp-content\/uploads\/2017\/11\/1711_steckvorgang6-374x249.jpg 374w, https:\/\/aci.hs-offenburg.de\/wp-content\/uploads\/2017\/11\/1711_steckvorgang6-802x534.jpg 802w, https:\/\/aci.hs-offenburg.de\/wp-content\/uploads\/2017\/11\/1711_steckvorgang6-150x100.jpg 150w, https:\/\/aci.hs-offenburg.de\/wp-content\/uploads\/2017\/11\/1711_steckvorgang6-700x467.jpg 700w, https:\/\/aci.hs-offenburg.de\/wp-content\/uploads\/2017\/11\/1711_steckvorgang6-624x416.jpg 624w\" sizes=\"(max-width: 790px) 100vw, 790px\" \/><figcaption id=\"caption-attachment-300\" class=\"wp-caption-text\">(Foto: Femos, Steffen M\u00fcller)<\/figcaption><\/figure>\n<h3>Ziele<\/h3>\n<p>Im Bildungs- und Forschungsprojekt incluMOVE entsteht ein interaktiver und kontext-bewusster Lern- und Arbeitsplatz, der Menschen mit Behinderung (MmB) beim Lernen von komplexen Montagevorg\u00e4ngen unterst\u00fctzt. Zus\u00e4tzlich bildet dieser Lern- und Arbeitsplatz einen \u00fcberregionalen Qualifizierungsbaustein, der die Beherrschung von Grundfertigkeiten zertifiziert (Montieren\/F\u00fcgen, Greifen\/Platzieren, Messen\/Inspizieren, Einstellen und Hilfsfunktionen).<\/p>\n<h3>Innovationen &amp; Perspektiven<\/h3>\n<p>Das Erlernen von komplexen Montagevorg\u00e4ngen wird durch die Kombination von Bewegungslernen mit projizierten, spielerischen Elementen (Gamification) erreicht. Das Bewegungslernen wird durch ein haptisches Unterst\u00fctzungsger\u00e4t\u00a0 vereinfacht, welches die Hand des Benutzers leitet, um beispielsweise Positionieraufgaben zu erleichtern. Au\u00dferdem wird den monotonen Aufgaben durch projizierte Gamification-Elemente ein spielerischer Charakter verliehen, z.B. durch Punkte, eine Fortschrittspyramide oder einen s\u00fc\u00dfen Avatar, der dem Benutzer eine neue Aufgabe erkl\u00e4rt. Durch die Kombination von Bewegungslernen mit Gamification wird f\u00fcr den Lernprozess, bzw. auch die t\u00e4gliche Arbeit, eine spielerische und angenehme Atmosph\u00e4re geschaffen, die die Menschen ohne Langeweile oder die Angst etwas falsch zu machen selbstbewusst ihre t\u00e4gliche Arbeit verrichten l\u00e4sst.<\/p>\n","protected":false},"excerpt":{"rendered":"<p>Eine kontextbewusste Lern- und Arbeitsumgebung, die leistungsgeminderten Menschen den Zugang zum allgemeinen Arbeitsmarkt erm\u00f6glicht Motivation In Deutschland arbeiten derzeit \u00fcber 300.000 Menschen mit Behinderung in gesch\u00fctzten Arbeitsverh\u00e4ltnissen (Behindertenwerkst\u00e4tten). Diesen Menschen den Zugang zum allgemeinen Arbeitsmarkt zu erm\u00f6glichen w\u00e4re eine gro\u00dfe Errungenschaft &#8211; nicht nur aus wirtschaftlichen Gr\u00fcnden, vor allem den Betroffenen selbst g\u00e4be es ein &hellip; <\/p>\n","protected":false},"author":4,"featured_media":0,"parent":0,"menu_order":0,"comment_status":"closed","ping_status":"closed","template":"","meta":[],"yoast_head":"<!-- This site is optimized with the Yoast SEO plugin v20.7 - https:\/\/yoast.com\/wordpress\/plugins\/seo\/ -->\n<title>incluMOVE - Affective &amp; Cognitive Institute<\/title>\n<meta name=\"robots\" content=\"index, follow, max-snippet:-1, max-image-preview:large, max-video-preview:-1\" \/>\n<link rel=\"canonical\" href=\"https:\/\/aci.hs-offenburg.de\/de\/inclumove\/\" \/>\n<meta property=\"og:locale\" content=\"de_DE\" \/>\n<meta property=\"og:type\" content=\"article\" \/>\n<meta property=\"og:title\" content=\"incluMOVE - Affective &amp; Cognitive Institute\" \/>\n<meta property=\"og:description\" content=\"Eine kontextbewusste Lern- und Arbeitsumgebung, die leistungsgeminderten Menschen den Zugang zum allgemeinen Arbeitsmarkt erm\u00f6glicht Motivation In Deutschland arbeiten derzeit \u00fcber 300.000 Menschen mit Behinderung in gesch\u00fctzten Arbeitsverh\u00e4ltnissen (Behindertenwerkst\u00e4tten). Diesen Menschen den Zugang zum allgemeinen Arbeitsmarkt zu erm\u00f6glichen w\u00e4re eine gro\u00dfe Errungenschaft &#8211; nicht nur aus wirtschaftlichen Gr\u00fcnden, vor allem den Betroffenen selbst g\u00e4be es ein &hellip;\" \/>\n<meta property=\"og:url\" content=\"https:\/\/aci.hs-offenburg.de\/de\/inclumove\/\" \/>\n<meta property=\"og:site_name\" content=\"Affective &amp; Cognitive Institute\" \/>\n<meta property=\"article:modified_time\" content=\"2019-01-22T12:02:58+00:00\" \/>\n<meta property=\"og:image\" content=\"https:\/\/aci.hs-offenburg.de\/wp-content\/uploads\/2017\/11\/1711_steckvorgang6-800x533.jpg\" \/>\n<meta name=\"twitter:card\" content=\"summary_large_image\" \/>\n<meta name=\"twitter:label1\" content=\"Gesch\u00e4tzte Lesezeit\" \/>\n\t<meta name=\"twitter:data1\" content=\"1\u00a0Minute\" \/>\n<script type=\"application\/ld+json\" class=\"yoast-schema-graph\">{\"@context\":\"https:\/\/schema.org\",\"@graph\":[{\"@type\":\"WebPage\",\"@id\":\"https:\/\/aci.hs-offenburg.de\/de\/inclumove\/\",\"url\":\"https:\/\/aci.hs-offenburg.de\/de\/inclumove\/\",\"name\":\"incluMOVE - Affective &amp; Cognitive Institute\",\"isPartOf\":{\"@id\":\"https:\/\/aci.hs-offenburg.de\/#website\"},\"datePublished\":\"2017-11-21T09:57:09+00:00\",\"dateModified\":\"2019-01-22T12:02:58+00:00\",\"breadcrumb\":{\"@id\":\"https:\/\/aci.hs-offenburg.de\/de\/inclumove\/#breadcrumb\"},\"inLanguage\":\"de\",\"potentialAction\":[{\"@type\":\"ReadAction\",\"target\":[\"https:\/\/aci.hs-offenburg.de\/de\/inclumove\/\"]}]},{\"@type\":\"BreadcrumbList\",\"@id\":\"https:\/\/aci.hs-offenburg.de\/de\/inclumove\/#breadcrumb\",\"itemListElement\":[{\"@type\":\"ListItem\",\"position\":1,\"name\":\"Home\",\"item\":\"https:\/\/aci.hs-offenburg.de\/\"},{\"@type\":\"ListItem\",\"position\":2,\"name\":\"incluMOVE\"}]},{\"@type\":\"WebSite\",\"@id\":\"https:\/\/aci.hs-offenburg.de\/#website\",\"url\":\"https:\/\/aci.hs-offenburg.de\/\",\"name\":\"Affective &amp; Cognitive Institute\",\"description\":\"Human Computer Interaction Research\",\"publisher\":{\"@id\":\"https:\/\/aci.hs-offenburg.de\/#organization\"},\"potentialAction\":[{\"@type\":\"SearchAction\",\"target\":{\"@type\":\"EntryPoint\",\"urlTemplate\":\"https:\/\/aci.hs-offenburg.de\/?s={search_term_string}\"},\"query-input\":\"required name=search_term_string\"}],\"inLanguage\":\"de\"},{\"@type\":\"Organization\",\"@id\":\"https:\/\/aci.hs-offenburg.de\/#organization\",\"name\":\"ACI - Affective & Cognitive Institute\",\"url\":\"https:\/\/aci.hs-offenburg.de\/\",\"logo\":{\"@type\":\"ImageObject\",\"inLanguage\":\"de\",\"@id\":\"https:\/\/aci.hs-offenburg.de\/#\/schema\/logo\/image\/\",\"url\":\"https:\/\/aci.hs-offenburg.de\/wp-content\/uploads\/2018\/04\/ACI_Logo_01_small.png\",\"contentUrl\":\"https:\/\/aci.hs-offenburg.de\/wp-content\/uploads\/2018\/04\/ACI_Logo_01_small.png\",\"width\":400,\"height\":238,\"caption\":\"ACI - Affective & Cognitive Institute\"},\"image\":{\"@id\":\"https:\/\/aci.hs-offenburg.de\/#\/schema\/logo\/image\/\"},\"sameAs\":[\"https:\/\/www.youtube.com\/channel\/UCYetO2MEXJ0KMVWyxLXMS1g\"]}]}<\/script>\n<!-- \/ Yoast SEO plugin. -->","yoast_head_json":{"title":"incluMOVE - Affective &amp; Cognitive Institute","robots":{"index":"index","follow":"follow","max-snippet":"max-snippet:-1","max-image-preview":"max-image-preview:large","max-video-preview":"max-video-preview:-1"},"canonical":"https:\/\/aci.hs-offenburg.de\/de\/inclumove\/","og_locale":"de_DE","og_type":"article","og_title":"incluMOVE - Affective &amp; Cognitive Institute","og_description":"Eine kontextbewusste Lern- und Arbeitsumgebung, die leistungsgeminderten Menschen den Zugang zum allgemeinen Arbeitsmarkt erm\u00f6glicht Motivation In Deutschland arbeiten derzeit \u00fcber 300.000 Menschen mit Behinderung in gesch\u00fctzten Arbeitsverh\u00e4ltnissen (Behindertenwerkst\u00e4tten). Diesen Menschen den Zugang zum allgemeinen Arbeitsmarkt zu erm\u00f6glichen w\u00e4re eine gro\u00dfe Errungenschaft &#8211; nicht nur aus wirtschaftlichen Gr\u00fcnden, vor allem den Betroffenen selbst g\u00e4be es ein &hellip;","og_url":"https:\/\/aci.hs-offenburg.de\/de\/inclumove\/","og_site_name":"Affective &amp; Cognitive Institute","article_modified_time":"2019-01-22T12:02:58+00:00","og_image":[{"url":"https:\/\/aci.hs-offenburg.de\/wp-content\/uploads\/2017\/11\/1711_steckvorgang6-800x533.jpg"}],"twitter_card":"summary_large_image","twitter_misc":{"Gesch\u00e4tzte Lesezeit":"1\u00a0Minute"},"schema":{"@context":"https:\/\/schema.org","@graph":[{"@type":"WebPage","@id":"https:\/\/aci.hs-offenburg.de\/de\/inclumove\/","url":"https:\/\/aci.hs-offenburg.de\/de\/inclumove\/","name":"incluMOVE - Affective &amp; Cognitive Institute","isPartOf":{"@id":"https:\/\/aci.hs-offenburg.de\/#website"},"datePublished":"2017-11-21T09:57:09+00:00","dateModified":"2019-01-22T12:02:58+00:00","breadcrumb":{"@id":"https:\/\/aci.hs-offenburg.de\/de\/inclumove\/#breadcrumb"},"inLanguage":"de","potentialAction":[{"@type":"ReadAction","target":["https:\/\/aci.hs-offenburg.de\/de\/inclumove\/"]}]},{"@type":"BreadcrumbList","@id":"https:\/\/aci.hs-offenburg.de\/de\/inclumove\/#breadcrumb","itemListElement":[{"@type":"ListItem","position":1,"name":"Home","item":"https:\/\/aci.hs-offenburg.de\/"},{"@type":"ListItem","position":2,"name":"incluMOVE"}]},{"@type":"WebSite","@id":"https:\/\/aci.hs-offenburg.de\/#website","url":"https:\/\/aci.hs-offenburg.de\/","name":"Affective &amp; Cognitive Institute","description":"Human Computer Interaction Research","publisher":{"@id":"https:\/\/aci.hs-offenburg.de\/#organization"},"potentialAction":[{"@type":"SearchAction","target":{"@type":"EntryPoint","urlTemplate":"https:\/\/aci.hs-offenburg.de\/?s={search_term_string}"},"query-input":"required name=search_term_string"}],"inLanguage":"de"},{"@type":"Organization","@id":"https:\/\/aci.hs-offenburg.de\/#organization","name":"ACI - Affective & Cognitive Institute","url":"https:\/\/aci.hs-offenburg.de\/","logo":{"@type":"ImageObject","inLanguage":"de","@id":"https:\/\/aci.hs-offenburg.de\/#\/schema\/logo\/image\/","url":"https:\/\/aci.hs-offenburg.de\/wp-content\/uploads\/2018\/04\/ACI_Logo_01_small.png","contentUrl":"https:\/\/aci.hs-offenburg.de\/wp-content\/uploads\/2018\/04\/ACI_Logo_01_small.png","width":400,"height":238,"caption":"ACI - Affective & Cognitive Institute"},"image":{"@id":"https:\/\/aci.hs-offenburg.de\/#\/schema\/logo\/image\/"},"sameAs":["https:\/\/www.youtube.com\/channel\/UCYetO2MEXJ0KMVWyxLXMS1g"]}]}},"_links":{"self":[{"href":"https:\/\/aci.hs-offenburg.de\/de\/wp-json\/wp\/v2\/pages\/253\/"}],"collection":[{"href":"https:\/\/aci.hs-offenburg.de\/de\/wp-json\/wp\/v2\/pages\/"}],"about":[{"href":"https:\/\/aci.hs-offenburg.de\/de\/wp-json\/wp\/v2\/types\/page\/"}],"author":[{"embeddable":true,"href":"https:\/\/aci.hs-offenburg.de\/de\/wp-json\/wp\/v2\/users\/4\/"}],"replies":[{"embeddable":true,"href":"https:\/\/aci.hs-offenburg.de\/de\/wp-json\/wp\/v2\/comments\/?post=253"}],"version-history":[{"count":22,"href":"https:\/\/aci.hs-offenburg.de\/de\/wp-json\/wp\/v2\/pages\/253\/revisions\/"}],"predecessor-version":[{"id":1218,"href":"https:\/\/aci.hs-offenburg.de\/de\/wp-json\/wp\/v2\/pages\/253\/revisions\/1218\/"}],"wp:attachment":[{"href":"https:\/\/aci.hs-offenburg.de\/de\/wp-json\/wp\/v2\/media\/?parent=253"}],"curies":[{"name":"wp","href":"https:\/\/api.w.org\/{rel}","templated":true}]}}