{"id":272,"date":"2017-11-21T12:57:21","date_gmt":"2017-11-21T12:57:21","guid":{"rendered":"https:\/\/aci.hs-offenburg.de\/?page_id=272"},"modified":"2018-12-05T11:38:35","modified_gmt":"2018-12-05T10:38:35","slug":"suitceyes","status":"publish","type":"page","link":"https:\/\/aci.hs-offenburg.de\/de\/suitceyes\/","title":{"rendered":"SUITCEYES"},"content":{"rendered":"<h2>Taubblinden Menschen die M\u00f6glichkeit geben, aktiver in die Gesellschaft mit einbezogen zu werden<\/h2>\n<figure id=\"attachment_381\" aria-describedby=\"caption-attachment-381\" style=\"width: 1038px\" class=\"wp-caption alignnone\"><a href=\"https:\/\/aci.hs-offenburg.de\/wp-content\/uploads\/2017\/12\/deaf_blind.jpg\"><img decoding=\"async\" loading=\"lazy\" class=\"wp-image-381 size-full\" src=\"data:image\/gif;base64,R0lGODlhAQABAAAAACH5BAEKAAEALAAAAAABAAEAAAICTAEAOw==\" data-layzr=\"https:\/\/aci.hs-offenburg.de\/wp-content\/uploads\/2017\/12\/deaf_blind.jpg\" alt=\"\" width=\"1038\" height=\"576\" data-layzr-srcset=\"https:\/\/aci.hs-offenburg.de\/wp-content\/uploads\/2017\/12\/deaf_blind.jpg 1038w, https:\/\/aci.hs-offenburg.de\/wp-content\/uploads\/2017\/12\/deaf_blind-300x166.jpg 300w, https:\/\/aci.hs-offenburg.de\/wp-content\/uploads\/2017\/12\/deaf_blind-1024x568.jpg 1024w, https:\/\/aci.hs-offenburg.de\/wp-content\/uploads\/2017\/12\/deaf_blind-768x426.jpg 768w, https:\/\/aci.hs-offenburg.de\/wp-content\/uploads\/2017\/12\/deaf_blind-800x444.jpg 800w, https:\/\/aci.hs-offenburg.de\/wp-content\/uploads\/2017\/12\/deaf_blind-108x60.jpg 108w, https:\/\/aci.hs-offenburg.de\/wp-content\/uploads\/2017\/12\/deaf_blind-150x83.jpg 150w, https:\/\/aci.hs-offenburg.de\/wp-content\/uploads\/2017\/12\/deaf_blind-700x388.jpg 700w, https:\/\/aci.hs-offenburg.de\/wp-content\/uploads\/2017\/12\/deaf_blind-624x346.jpg 624w\" sizes=\"(max-width: 1038px) 100vw, 1038px\" \/><\/a><figcaption id=\"caption-attachment-381\" class=\"wp-caption-text\">Courtesy of LightHouse for the Blind and Visually Impaired, see <a href=\"http:\/\/lighthouse-sf.org\">http:\/\/lighthouse-sf.org<\/a>.<\/figcaption><\/figure>\n<h3>Motivation<\/h3>\n<p>In der EU leben heutzutage mehr als 2,5 Mio. taubblinde Menschen. Diese schwierige Lebenssituation aus Beeintr\u00e4chtigung des Seh- und H\u00f6rverm\u00f6gens, geht oftmals auch mit kognitiven Einschr\u00e4nkungen einher. Die Kommunikation mit taubblinden Menschen ist sehr schwierig, was dazu f\u00fchrt, dass Betroffene nur wenig in die Gesellschaft miteinbezogen werden.<\/p>\n<h3>Ziele und Vorgehen<\/h3>\n<p>Taubblinden Menschen mehr M\u00f6glichkeiten der Interaktion mit ihrer Umwelt und anderen Menschen zu geben, verbessert ihren Lebensstandard um ein Vielfaches. Das Projekt SUITCEYES konzentriert sich auf drei unterschiedliche Lebensbereiche, die verbessert werden sollen:<\/p>\n<ul>\n<li>Wahrnehmung der Umgebung und Geo-Position<\/li>\n<li>Kommunikation und Austausch von semantischen Inhalten<\/li>\n<li>Lernen und sch\u00f6ne Erfahrungen sammeln<\/li>\n<\/ul>\n<p>Au\u00dferdem sollen die erweiterten Kommunikationsm\u00f6glichkeiten die Auswirkungen der kognitiven Einschr\u00e4nkungen reduzieren. Dies k\u00f6nnte Betroffenen die M\u00f6glichkeit geben in Behindertenwerkst\u00e4tten zu arbeiten.<\/p>\n<h3>Innovationen und Perspektiven<\/h3>\n<p>Die Verbesserung der Kommunikation und Wahrnehmung von taubblinden Menschen wird durch die Kombination verschiedener Sensoren und Aktoren (z.B. haptische, thermische oder geruchsbezogene Aktoren) mit intelligenten Textilien und spielerischen Elementen (Gamification) realisiert. Die Sensoren sprechen unterschiedliche Wahrnehmungskan\u00e4le an, die die Kommunikationsm\u00f6glichkeiten erweitern, w\u00e4hrend die Elemente aus der Gamification dem System einen spielerischen Charakter verleihen. Durch das Bereitstellen aller Funktionalit\u00e4ten in einem SMART-Textil (z.B. ein T-Shirt)\u00a0 oder kleinen tragbaren Ger\u00e4ten, ist das System problemlos in den Alltag integrierbar.<\/p>\n","protected":false},"excerpt":{"rendered":"<p>Taubblinden Menschen die M\u00f6glichkeit geben, aktiver in die Gesellschaft mit einbezogen zu werden Motivation In der EU leben heutzutage mehr als 2,5 Mio. taubblinde Menschen. Diese schwierige Lebenssituation aus Beeintr\u00e4chtigung des Seh- und H\u00f6rverm\u00f6gens, geht oftmals auch mit kognitiven Einschr\u00e4nkungen einher. Die Kommunikation mit taubblinden Menschen ist sehr schwierig, was dazu f\u00fchrt, dass Betroffene nur &hellip; <\/p>\n","protected":false},"author":4,"featured_media":0,"parent":0,"menu_order":0,"comment_status":"closed","ping_status":"closed","template":"","meta":[],"yoast_head":"<!-- This site is optimized with the Yoast SEO plugin v20.7 - https:\/\/yoast.com\/wordpress\/plugins\/seo\/ -->\n<title>SUITCEYES - Affective &amp; Cognitive Institute<\/title>\n<meta name=\"robots\" content=\"index, follow, max-snippet:-1, max-image-preview:large, max-video-preview:-1\" \/>\n<link rel=\"canonical\" href=\"https:\/\/aci.hs-offenburg.de\/de\/suitceyes\/\" \/>\n<meta property=\"og:locale\" content=\"de_DE\" \/>\n<meta property=\"og:type\" content=\"article\" \/>\n<meta property=\"og:title\" content=\"SUITCEYES - Affective &amp; Cognitive Institute\" \/>\n<meta property=\"og:description\" content=\"Taubblinden Menschen die M\u00f6glichkeit geben, aktiver in die Gesellschaft mit einbezogen zu werden Motivation In der EU leben heutzutage mehr als 2,5 Mio. taubblinde Menschen. Diese schwierige Lebenssituation aus Beeintr\u00e4chtigung des Seh- und H\u00f6rverm\u00f6gens, geht oftmals auch mit kognitiven Einschr\u00e4nkungen einher. Die Kommunikation mit taubblinden Menschen ist sehr schwierig, was dazu f\u00fchrt, dass Betroffene nur &hellip;\" \/>\n<meta property=\"og:url\" content=\"https:\/\/aci.hs-offenburg.de\/de\/suitceyes\/\" \/>\n<meta property=\"og:site_name\" content=\"Affective &amp; Cognitive Institute\" \/>\n<meta property=\"article:modified_time\" content=\"2018-12-05T10:38:35+00:00\" \/>\n<meta property=\"og:image\" content=\"https:\/\/aci.hs-offenburg.de\/wp-content\/uploads\/2017\/12\/deaf_blind.jpg\" \/>\n<meta name=\"twitter:card\" content=\"summary_large_image\" \/>\n<meta name=\"twitter:label1\" content=\"Gesch\u00e4tzte Lesezeit\" \/>\n\t<meta name=\"twitter:data1\" content=\"1\u00a0Minute\" \/>\n<script type=\"application\/ld+json\" class=\"yoast-schema-graph\">{\"@context\":\"https:\/\/schema.org\",\"@graph\":[{\"@type\":\"WebPage\",\"@id\":\"https:\/\/aci.hs-offenburg.de\/de\/suitceyes\/\",\"url\":\"https:\/\/aci.hs-offenburg.de\/de\/suitceyes\/\",\"name\":\"SUITCEYES - Affective &amp; Cognitive Institute\",\"isPartOf\":{\"@id\":\"https:\/\/aci.hs-offenburg.de\/#website\"},\"datePublished\":\"2017-11-21T12:57:21+00:00\",\"dateModified\":\"2018-12-05T10:38:35+00:00\",\"breadcrumb\":{\"@id\":\"https:\/\/aci.hs-offenburg.de\/de\/suitceyes\/#breadcrumb\"},\"inLanguage\":\"de\",\"potentialAction\":[{\"@type\":\"ReadAction\",\"target\":[\"https:\/\/aci.hs-offenburg.de\/de\/suitceyes\/\"]}]},{\"@type\":\"BreadcrumbList\",\"@id\":\"https:\/\/aci.hs-offenburg.de\/de\/suitceyes\/#breadcrumb\",\"itemListElement\":[{\"@type\":\"ListItem\",\"position\":1,\"name\":\"Home\",\"item\":\"https:\/\/aci.hs-offenburg.de\/\"},{\"@type\":\"ListItem\",\"position\":2,\"name\":\"SUITCEYES\"}]},{\"@type\":\"WebSite\",\"@id\":\"https:\/\/aci.hs-offenburg.de\/#website\",\"url\":\"https:\/\/aci.hs-offenburg.de\/\",\"name\":\"Affective &amp; Cognitive Institute\",\"description\":\"Human Computer Interaction Research\",\"publisher\":{\"@id\":\"https:\/\/aci.hs-offenburg.de\/#organization\"},\"potentialAction\":[{\"@type\":\"SearchAction\",\"target\":{\"@type\":\"EntryPoint\",\"urlTemplate\":\"https:\/\/aci.hs-offenburg.de\/?s={search_term_string}\"},\"query-input\":\"required name=search_term_string\"}],\"inLanguage\":\"de\"},{\"@type\":\"Organization\",\"@id\":\"https:\/\/aci.hs-offenburg.de\/#organization\",\"name\":\"ACI - Affective & Cognitive Institute\",\"url\":\"https:\/\/aci.hs-offenburg.de\/\",\"logo\":{\"@type\":\"ImageObject\",\"inLanguage\":\"de\",\"@id\":\"https:\/\/aci.hs-offenburg.de\/#\/schema\/logo\/image\/\",\"url\":\"https:\/\/aci.hs-offenburg.de\/wp-content\/uploads\/2018\/04\/ACI_Logo_01_small.png\",\"contentUrl\":\"https:\/\/aci.hs-offenburg.de\/wp-content\/uploads\/2018\/04\/ACI_Logo_01_small.png\",\"width\":400,\"height\":238,\"caption\":\"ACI - Affective & Cognitive Institute\"},\"image\":{\"@id\":\"https:\/\/aci.hs-offenburg.de\/#\/schema\/logo\/image\/\"},\"sameAs\":[\"https:\/\/www.youtube.com\/channel\/UCYetO2MEXJ0KMVWyxLXMS1g\"]}]}<\/script>\n<!-- \/ Yoast SEO plugin. -->","yoast_head_json":{"title":"SUITCEYES - Affective &amp; Cognitive Institute","robots":{"index":"index","follow":"follow","max-snippet":"max-snippet:-1","max-image-preview":"max-image-preview:large","max-video-preview":"max-video-preview:-1"},"canonical":"https:\/\/aci.hs-offenburg.de\/de\/suitceyes\/","og_locale":"de_DE","og_type":"article","og_title":"SUITCEYES - Affective &amp; Cognitive Institute","og_description":"Taubblinden Menschen die M\u00f6glichkeit geben, aktiver in die Gesellschaft mit einbezogen zu werden Motivation In der EU leben heutzutage mehr als 2,5 Mio. taubblinde Menschen. Diese schwierige Lebenssituation aus Beeintr\u00e4chtigung des Seh- und H\u00f6rverm\u00f6gens, geht oftmals auch mit kognitiven Einschr\u00e4nkungen einher. Die Kommunikation mit taubblinden Menschen ist sehr schwierig, was dazu f\u00fchrt, dass Betroffene nur &hellip;","og_url":"https:\/\/aci.hs-offenburg.de\/de\/suitceyes\/","og_site_name":"Affective &amp; Cognitive Institute","article_modified_time":"2018-12-05T10:38:35+00:00","og_image":[{"url":"https:\/\/aci.hs-offenburg.de\/wp-content\/uploads\/2017\/12\/deaf_blind.jpg"}],"twitter_card":"summary_large_image","twitter_misc":{"Gesch\u00e4tzte Lesezeit":"1\u00a0Minute"},"schema":{"@context":"https:\/\/schema.org","@graph":[{"@type":"WebPage","@id":"https:\/\/aci.hs-offenburg.de\/de\/suitceyes\/","url":"https:\/\/aci.hs-offenburg.de\/de\/suitceyes\/","name":"SUITCEYES - Affective &amp; Cognitive Institute","isPartOf":{"@id":"https:\/\/aci.hs-offenburg.de\/#website"},"datePublished":"2017-11-21T12:57:21+00:00","dateModified":"2018-12-05T10:38:35+00:00","breadcrumb":{"@id":"https:\/\/aci.hs-offenburg.de\/de\/suitceyes\/#breadcrumb"},"inLanguage":"de","potentialAction":[{"@type":"ReadAction","target":["https:\/\/aci.hs-offenburg.de\/de\/suitceyes\/"]}]},{"@type":"BreadcrumbList","@id":"https:\/\/aci.hs-offenburg.de\/de\/suitceyes\/#breadcrumb","itemListElement":[{"@type":"ListItem","position":1,"name":"Home","item":"https:\/\/aci.hs-offenburg.de\/"},{"@type":"ListItem","position":2,"name":"SUITCEYES"}]},{"@type":"WebSite","@id":"https:\/\/aci.hs-offenburg.de\/#website","url":"https:\/\/aci.hs-offenburg.de\/","name":"Affective &amp; Cognitive Institute","description":"Human Computer Interaction Research","publisher":{"@id":"https:\/\/aci.hs-offenburg.de\/#organization"},"potentialAction":[{"@type":"SearchAction","target":{"@type":"EntryPoint","urlTemplate":"https:\/\/aci.hs-offenburg.de\/?s={search_term_string}"},"query-input":"required name=search_term_string"}],"inLanguage":"de"},{"@type":"Organization","@id":"https:\/\/aci.hs-offenburg.de\/#organization","name":"ACI - Affective & Cognitive Institute","url":"https:\/\/aci.hs-offenburg.de\/","logo":{"@type":"ImageObject","inLanguage":"de","@id":"https:\/\/aci.hs-offenburg.de\/#\/schema\/logo\/image\/","url":"https:\/\/aci.hs-offenburg.de\/wp-content\/uploads\/2018\/04\/ACI_Logo_01_small.png","contentUrl":"https:\/\/aci.hs-offenburg.de\/wp-content\/uploads\/2018\/04\/ACI_Logo_01_small.png","width":400,"height":238,"caption":"ACI - Affective & Cognitive Institute"},"image":{"@id":"https:\/\/aci.hs-offenburg.de\/#\/schema\/logo\/image\/"},"sameAs":["https:\/\/www.youtube.com\/channel\/UCYetO2MEXJ0KMVWyxLXMS1g"]}]}},"_links":{"self":[{"href":"https:\/\/aci.hs-offenburg.de\/de\/wp-json\/wp\/v2\/pages\/272\/"}],"collection":[{"href":"https:\/\/aci.hs-offenburg.de\/de\/wp-json\/wp\/v2\/pages\/"}],"about":[{"href":"https:\/\/aci.hs-offenburg.de\/de\/wp-json\/wp\/v2\/types\/page\/"}],"author":[{"embeddable":true,"href":"https:\/\/aci.hs-offenburg.de\/de\/wp-json\/wp\/v2\/users\/4\/"}],"replies":[{"embeddable":true,"href":"https:\/\/aci.hs-offenburg.de\/de\/wp-json\/wp\/v2\/comments\/?post=272"}],"version-history":[{"count":16,"href":"https:\/\/aci.hs-offenburg.de\/de\/wp-json\/wp\/v2\/pages\/272\/revisions\/"}],"predecessor-version":[{"id":1051,"href":"https:\/\/aci.hs-offenburg.de\/de\/wp-json\/wp\/v2\/pages\/272\/revisions\/1051\/"}],"wp:attachment":[{"href":"https:\/\/aci.hs-offenburg.de\/de\/wp-json\/wp\/v2\/media\/?parent=272"}],"curies":[{"name":"wp","href":"https:\/\/api.w.org\/{rel}","templated":true}]}}