{"id":61,"date":"2017-03-27T02:57:49","date_gmt":"2017-03-27T02:57:49","guid":{"rendered":"https:\/\/aci.hs-offenburg.de\/?page_id=61"},"modified":"2018-12-05T11:40:51","modified_gmt":"2018-12-05T10:40:51","slug":"social-robots","status":"publish","type":"page","link":"https:\/\/aci.hs-offenburg.de\/de\/social-robots\/","title":{"rendered":"Soziale Roboter"},"content":{"rendered":"<p><span class=\"petrol\"><div  id=\"_ytid_10005\" class=\"__youtube_prefs__  __youtube_prefs_gdpr__ \" allowfullscreen data-no-lazy=\"1\" data-skipgform_ajax_framebjll=\"\"><p><strong>Please accept YouTube cookies to play this video.<\/strong> By accepting you will be accessing content from YouTube, a service provided by an external third party.<\/p>\n<p><a href=\"https:\/\/policies.google.com\/privacy\" target=\"_blank\" rel=\"noopener\">YouTube privacy policy<\/a><\/p>\n<p>If you accept this notice, your choice will be saved and the page will refresh.<\/p>\n<button type=\"button\" class=\"__youtube_prefs_gdpr__\">Accept YouTube Content<img src=\"https:\/\/aci.hs-offenburg.de\/wp-content\/plugins\/youtube-embed-plus\/images\/icon-check.png\" alt=\"accept\" data-no-lazy=\"1\" data-skipgform_ajax_framebjll=\"\" \/><\/button><\/div><\/span><\/p>\n<h1><span class=\"petrol\">Potenziale und Grenzen<br \/>\n<\/span><\/h1>\n<p><span lang=\"DE\">Mit den technischen Fortschritten in Robotik und Affective Computing ver\u00e4ndert sich die Beziehung zwischen Robotern und Gesellschaft. Die Kombination von Kontextbewusstsein, motorischen F\u00e4higkeiten und affektivem Verhalten er\u00f6ffnet ein weites Feld an M\u00f6glichkeiten f\u00fcr robotische Assistenten oder sogar Robotern als &#8222;Gef\u00e4hrten&#8220; (Companions). Filme wie WALL-E (2008) oder Her (2013) zeigten bereits, dass Roboter oder k\u00fcnstliche Intelligenz langsam aber sicher als kulturelle Einheiten angesehen werden. <\/span><\/p>\n<blockquote><p><span lang=\"DE\">Die Frage, ob wir f\u00fcr soziale Roboter bereit sind bleibt bestehen. <\/span><\/p><\/blockquote>\n<p><span lang=\"DE\">K\u00f6nnen Bereiche wie Pflege, Gesundheit oder Unterhaltung von Maschinen mit k\u00fcnstlicher Intelligenz t\u00e4ts\u00e4chlich profitieren, um so die Interaktion zwischen Menschen und Robotern zu etablieren?<\/span><\/p>\n<p><span lang=\"DE\"> Sie k\u00f6nnten die Art und Weise wie \u00e4ltere Menschen gepflegt werden, wie wir unterrichten und lernen oder sogar unsere Vorstellungen von Familie und Freundschaft revolutionieren. Unsere Forschungen besch\u00e4ftigen sich mit der Entwicklung solcher sozialer Roboter, die in der Lage sind, Mimik und Gestik wahrzunehmen, zu interpretieren und ihr eigenes Verhalten darauf abzustimmen.<\/span> Der Fokus dieser Studien liegt auf der gesellschaftlichen Akzeptanz, insbesondere hinsichtlich kultureller Unterschiede.<\/p>\n<blockquote>\n<p class=\"bodytext\" lang=\"DE\"><span lang=\"DE\">Sollten soziale Roboter unsere Haustiere oder Pflegekr\u00e4fte werden, m\u00fcssen wir die technischen, gesellschaftlichen und ethischen Potentiale und Grenzen ihres Gebrauchs\u00a0 festlegen.<\/span><\/p>\n<\/blockquote>\n<p class=\"bodytext\" lang=\"DE\">Fragen nach den Bedingungen oder ethischen Bedenken stellten sich bislang auf theoretischer Ebene. Empirische Studien zu diesem Thema sind selten. Insbesondere im Hinblick auf interkulturelle Studien.<\/p>\n<h1><a href=\"https:\/\/aci.hs-offenburg.de\/wp-content\/uploads\/2017\/03\/AGYA-Film-1.jpg\"><img decoding=\"async\" loading=\"lazy\" class=\"alignnone wp-image-84 size-full\" src=\"data:image\/gif;base64,R0lGODlhAQABAAAAACH5BAEKAAEALAAAAAABAAEAAAICTAEAOw==\" data-layzr=\"https:\/\/aci.hs-offenburg.de\/wp-content\/uploads\/2017\/03\/AGYA-Film-1.jpg\" alt=\"\" width=\"1800\" height=\"1200\" data-layzr-srcset=\"https:\/\/aci.hs-offenburg.de\/wp-content\/uploads\/2017\/03\/AGYA-Film-1.jpg 1800w, https:\/\/aci.hs-offenburg.de\/wp-content\/uploads\/2017\/03\/AGYA-Film-1-300x200.jpg 300w, https:\/\/aci.hs-offenburg.de\/wp-content\/uploads\/2017\/03\/AGYA-Film-1-1024x683.jpg 1024w, https:\/\/aci.hs-offenburg.de\/wp-content\/uploads\/2017\/03\/AGYA-Film-1-768x512.jpg 768w, https:\/\/aci.hs-offenburg.de\/wp-content\/uploads\/2017\/03\/AGYA-Film-1-800x533.jpg 800w, https:\/\/aci.hs-offenburg.de\/wp-content\/uploads\/2017\/03\/AGYA-Film-1-90x60.jpg 90w, https:\/\/aci.hs-offenburg.de\/wp-content\/uploads\/2017\/03\/AGYA-Film-1-374x249.jpg 374w, https:\/\/aci.hs-offenburg.de\/wp-content\/uploads\/2017\/03\/AGYA-Film-1-802x534.jpg 802w, https:\/\/aci.hs-offenburg.de\/wp-content\/uploads\/2017\/03\/AGYA-Film-1-150x100.jpg 150w, https:\/\/aci.hs-offenburg.de\/wp-content\/uploads\/2017\/03\/AGYA-Film-1-700x467.jpg 700w, https:\/\/aci.hs-offenburg.de\/wp-content\/uploads\/2017\/03\/AGYA-Film-1-624x416.jpg 624w\" sizes=\"(max-width: 1800px) 100vw, 1800px\" \/><\/a><\/h1>\n<p>In einer internationalen Studie mit Teilnehmern aus europ\u00e4ischen und arabischen L\u00e4ndern erheben wir Daten f\u00fcr zuk\u00fcnftige internationale Projekte im Bereich der sozialen Robotik. Das Projekt wird unterst\u00fctzt durch AGYA.<\/p>\n<p><a href=\"http:\/\/www.agya.info\/\" target=\"_blank\" rel=\"http:\/\/www.agya.info\/ noopener\"><img decoding=\"async\" loading=\"lazy\" class=\"alignnone wp-image-517 size-medium\" src=\"data:image\/gif;base64,R0lGODlhAQABAAAAACH5BAEKAAEALAAAAAABAAEAAAICTAEAOw==\" data-layzr=\"https:\/\/aci.hs-offenburg.de\/wp-content\/uploads\/2017\/12\/AGYA-300x60.jpg\" alt=\"\" width=\"300\" height=\"60\" data-layzr-srcset=\"https:\/\/aci.hs-offenburg.de\/wp-content\/uploads\/2017\/12\/AGYA-300x60.jpg 300w, https:\/\/aci.hs-offenburg.de\/wp-content\/uploads\/2017\/12\/AGYA-301x60.jpg 301w, https:\/\/aci.hs-offenburg.de\/wp-content\/uploads\/2017\/12\/AGYA-150x30.jpg 150w, https:\/\/aci.hs-offenburg.de\/wp-content\/uploads\/2017\/12\/AGYA.jpg 618w\" sizes=\"(max-width: 300px) 100vw, 300px\" \/><\/a><\/p>\n<p class=\"bodytext\">Im Zentrum stehen Fragen wie: W\u00fcrden Menschen aus arabischen L\u00e4ndern soziale Roboter lieber als Haushaltshilfe einsetzen, w\u00e4hrend sie in Deutschland prim\u00e4r als Pflegekr\u00e4fte genutzt w\u00fcrden? Sind unterschiedliche Auffassungen geschlechtsabh\u00e4ngig? Gibt es einen Zusammenhang zwischen einer h\u00f6heren Akzeptanz sozialer Roboter und dem Einkommen, oder der Bildung? Zuk\u00fcnftige Forschungsprojekte werden auf Basis der Daten wichtige Entscheidungen treffen k\u00f6nnen.<\/p>\n<p class=\"bodytext\">Die Ergebnisse werden in einem internationalen Journal ver\u00f6ffentlicht. Erste Ergebnisse wurden auf der PETRA-Konferenz 2018 vorgestellt. Diese bringt f\u00fchrende Experten auf dem Gebiet der Assistenztechnologien und Robotik zusammen.<\/p>\n<div class=\"abt-static-bib noselect mceNonEditable\" data-reflist=\"[&quot;358270017&quot;]\">\n<div id=\"abt-bibliography__container\" class=\"abt-bibliography__container\">\n<div id=\"358270017\">\n<div class=\"csl-entry flush\">\n<div class=\"csl-left-margin\">1.<\/div>\n<div class=\"csl-right-inline\">Korn O, Bieber G, Fron C. Perspectives on Social Robots. In: <i>Proceedings of the 11th PErvasive Technologies Related to Assistive Environments Conference on\u00a0 &#8211; PETRA \u201918<\/i>. ACM Press; 2018. doi:<a href=\"https:\/\/doi.org\/10.1145\/3197768.3197774\" target=\"_blank\" rel=\"noopener noreferrer\">10.1145\/3197768.3197774<\/a><\/div>\n<\/div>\n<\/div>\n<\/div>\n<\/div>\n","protected":false},"excerpt":{"rendered":"<p>Potenziale und Grenzen Mit den technischen Fortschritten in Robotik und Affective Computing ver\u00e4ndert sich die Beziehung zwischen Robotern und Gesellschaft. Die Kombination von Kontextbewusstsein, motorischen F\u00e4higkeiten und affektivem Verhalten er\u00f6ffnet ein weites Feld an M\u00f6glichkeiten f\u00fcr robotische Assistenten oder sogar Robotern als &#8222;Gef\u00e4hrten&#8220; (Companions). Filme wie WALL-E (2008) oder Her (2013) zeigten bereits, dass Roboter &hellip; <\/p>\n","protected":false},"author":1,"featured_media":0,"parent":0,"menu_order":0,"comment_status":"closed","ping_status":"closed","template":"","meta":[],"yoast_head":"<!-- This site is optimized with the Yoast SEO plugin v20.7 - https:\/\/yoast.com\/wordpress\/plugins\/seo\/ -->\n<title>Soziale Roboter - Affective &amp; Cognitive Institute<\/title>\n<meta name=\"robots\" content=\"index, follow, max-snippet:-1, max-image-preview:large, max-video-preview:-1\" \/>\n<link rel=\"canonical\" href=\"https:\/\/aci.hs-offenburg.de\/de\/social-robots\/\" \/>\n<meta property=\"og:locale\" content=\"de_DE\" \/>\n<meta property=\"og:type\" content=\"article\" \/>\n<meta property=\"og:title\" content=\"Soziale Roboter - Affective &amp; Cognitive Institute\" \/>\n<meta property=\"og:description\" content=\"Potenziale und Grenzen Mit den technischen Fortschritten in Robotik und Affective Computing ver\u00e4ndert sich die Beziehung zwischen Robotern und Gesellschaft. Die Kombination von Kontextbewusstsein, motorischen F\u00e4higkeiten und affektivem Verhalten er\u00f6ffnet ein weites Feld an M\u00f6glichkeiten f\u00fcr robotische Assistenten oder sogar Robotern als &#8222;Gef\u00e4hrten&#8220; (Companions). Filme wie WALL-E (2008) oder Her (2013) zeigten bereits, dass Roboter &hellip;\" \/>\n<meta property=\"og:url\" content=\"https:\/\/aci.hs-offenburg.de\/de\/social-robots\/\" \/>\n<meta property=\"og:site_name\" content=\"Affective &amp; Cognitive Institute\" \/>\n<meta property=\"article:modified_time\" content=\"2018-12-05T10:40:51+00:00\" \/>\n<meta property=\"og:image\" content=\"https:\/\/aci.hs-offenburg.de\/wp-content\/uploads\/2017\/03\/AGYA-Film-1.jpg\" \/>\n<meta name=\"twitter:card\" content=\"summary_large_image\" \/>\n<meta name=\"twitter:label1\" content=\"Gesch\u00e4tzte Lesezeit\" \/>\n\t<meta name=\"twitter:data1\" content=\"2\u00a0Minuten\" \/>\n<script type=\"application\/ld+json\" class=\"yoast-schema-graph\">{\"@context\":\"https:\/\/schema.org\",\"@graph\":[{\"@type\":\"WebPage\",\"@id\":\"https:\/\/aci.hs-offenburg.de\/de\/social-robots\/\",\"url\":\"https:\/\/aci.hs-offenburg.de\/de\/social-robots\/\",\"name\":\"Soziale Roboter - Affective &amp; Cognitive Institute\",\"isPartOf\":{\"@id\":\"https:\/\/aci.hs-offenburg.de\/#website\"},\"datePublished\":\"2017-03-27T02:57:49+00:00\",\"dateModified\":\"2018-12-05T10:40:51+00:00\",\"breadcrumb\":{\"@id\":\"https:\/\/aci.hs-offenburg.de\/de\/social-robots\/#breadcrumb\"},\"inLanguage\":\"de\",\"potentialAction\":[{\"@type\":\"ReadAction\",\"target\":[\"https:\/\/aci.hs-offenburg.de\/de\/social-robots\/\"]}]},{\"@type\":\"BreadcrumbList\",\"@id\":\"https:\/\/aci.hs-offenburg.de\/de\/social-robots\/#breadcrumb\",\"itemListElement\":[{\"@type\":\"ListItem\",\"position\":1,\"name\":\"Home\",\"item\":\"https:\/\/aci.hs-offenburg.de\/\"},{\"@type\":\"ListItem\",\"position\":2,\"name\":\"Soziale Roboter\"}]},{\"@type\":\"WebSite\",\"@id\":\"https:\/\/aci.hs-offenburg.de\/#website\",\"url\":\"https:\/\/aci.hs-offenburg.de\/\",\"name\":\"Affective &amp; Cognitive Institute\",\"description\":\"Human Computer Interaction Research\",\"publisher\":{\"@id\":\"https:\/\/aci.hs-offenburg.de\/#organization\"},\"potentialAction\":[{\"@type\":\"SearchAction\",\"target\":{\"@type\":\"EntryPoint\",\"urlTemplate\":\"https:\/\/aci.hs-offenburg.de\/?s={search_term_string}\"},\"query-input\":\"required name=search_term_string\"}],\"inLanguage\":\"de\"},{\"@type\":\"Organization\",\"@id\":\"https:\/\/aci.hs-offenburg.de\/#organization\",\"name\":\"ACI - Affective & Cognitive Institute\",\"url\":\"https:\/\/aci.hs-offenburg.de\/\",\"logo\":{\"@type\":\"ImageObject\",\"inLanguage\":\"de\",\"@id\":\"https:\/\/aci.hs-offenburg.de\/#\/schema\/logo\/image\/\",\"url\":\"https:\/\/aci.hs-offenburg.de\/wp-content\/uploads\/2018\/04\/ACI_Logo_01_small.png\",\"contentUrl\":\"https:\/\/aci.hs-offenburg.de\/wp-content\/uploads\/2018\/04\/ACI_Logo_01_small.png\",\"width\":400,\"height\":238,\"caption\":\"ACI - Affective & Cognitive Institute\"},\"image\":{\"@id\":\"https:\/\/aci.hs-offenburg.de\/#\/schema\/logo\/image\/\"},\"sameAs\":[\"https:\/\/www.youtube.com\/channel\/UCYetO2MEXJ0KMVWyxLXMS1g\"]}]}<\/script>\n<!-- \/ Yoast SEO plugin. -->","yoast_head_json":{"title":"Soziale Roboter - Affective &amp; Cognitive Institute","robots":{"index":"index","follow":"follow","max-snippet":"max-snippet:-1","max-image-preview":"max-image-preview:large","max-video-preview":"max-video-preview:-1"},"canonical":"https:\/\/aci.hs-offenburg.de\/de\/social-robots\/","og_locale":"de_DE","og_type":"article","og_title":"Soziale Roboter - Affective &amp; Cognitive Institute","og_description":"Potenziale und Grenzen Mit den technischen Fortschritten in Robotik und Affective Computing ver\u00e4ndert sich die Beziehung zwischen Robotern und Gesellschaft. Die Kombination von Kontextbewusstsein, motorischen F\u00e4higkeiten und affektivem Verhalten er\u00f6ffnet ein weites Feld an M\u00f6glichkeiten f\u00fcr robotische Assistenten oder sogar Robotern als &#8222;Gef\u00e4hrten&#8220; (Companions). Filme wie WALL-E (2008) oder Her (2013) zeigten bereits, dass Roboter &hellip;","og_url":"https:\/\/aci.hs-offenburg.de\/de\/social-robots\/","og_site_name":"Affective &amp; Cognitive Institute","article_modified_time":"2018-12-05T10:40:51+00:00","og_image":[{"url":"https:\/\/aci.hs-offenburg.de\/wp-content\/uploads\/2017\/03\/AGYA-Film-1.jpg"}],"twitter_card":"summary_large_image","twitter_misc":{"Gesch\u00e4tzte Lesezeit":"2\u00a0Minuten"},"schema":{"@context":"https:\/\/schema.org","@graph":[{"@type":"WebPage","@id":"https:\/\/aci.hs-offenburg.de\/de\/social-robots\/","url":"https:\/\/aci.hs-offenburg.de\/de\/social-robots\/","name":"Soziale Roboter - Affective &amp; Cognitive Institute","isPartOf":{"@id":"https:\/\/aci.hs-offenburg.de\/#website"},"datePublished":"2017-03-27T02:57:49+00:00","dateModified":"2018-12-05T10:40:51+00:00","breadcrumb":{"@id":"https:\/\/aci.hs-offenburg.de\/de\/social-robots\/#breadcrumb"},"inLanguage":"de","potentialAction":[{"@type":"ReadAction","target":["https:\/\/aci.hs-offenburg.de\/de\/social-robots\/"]}]},{"@type":"BreadcrumbList","@id":"https:\/\/aci.hs-offenburg.de\/de\/social-robots\/#breadcrumb","itemListElement":[{"@type":"ListItem","position":1,"name":"Home","item":"https:\/\/aci.hs-offenburg.de\/"},{"@type":"ListItem","position":2,"name":"Soziale Roboter"}]},{"@type":"WebSite","@id":"https:\/\/aci.hs-offenburg.de\/#website","url":"https:\/\/aci.hs-offenburg.de\/","name":"Affective &amp; Cognitive Institute","description":"Human Computer Interaction Research","publisher":{"@id":"https:\/\/aci.hs-offenburg.de\/#organization"},"potentialAction":[{"@type":"SearchAction","target":{"@type":"EntryPoint","urlTemplate":"https:\/\/aci.hs-offenburg.de\/?s={search_term_string}"},"query-input":"required name=search_term_string"}],"inLanguage":"de"},{"@type":"Organization","@id":"https:\/\/aci.hs-offenburg.de\/#organization","name":"ACI - Affective & Cognitive Institute","url":"https:\/\/aci.hs-offenburg.de\/","logo":{"@type":"ImageObject","inLanguage":"de","@id":"https:\/\/aci.hs-offenburg.de\/#\/schema\/logo\/image\/","url":"https:\/\/aci.hs-offenburg.de\/wp-content\/uploads\/2018\/04\/ACI_Logo_01_small.png","contentUrl":"https:\/\/aci.hs-offenburg.de\/wp-content\/uploads\/2018\/04\/ACI_Logo_01_small.png","width":400,"height":238,"caption":"ACI - Affective & Cognitive Institute"},"image":{"@id":"https:\/\/aci.hs-offenburg.de\/#\/schema\/logo\/image\/"},"sameAs":["https:\/\/www.youtube.com\/channel\/UCYetO2MEXJ0KMVWyxLXMS1g"]}]}},"_links":{"self":[{"href":"https:\/\/aci.hs-offenburg.de\/de\/wp-json\/wp\/v2\/pages\/61\/"}],"collection":[{"href":"https:\/\/aci.hs-offenburg.de\/de\/wp-json\/wp\/v2\/pages\/"}],"about":[{"href":"https:\/\/aci.hs-offenburg.de\/de\/wp-json\/wp\/v2\/types\/page\/"}],"author":[{"embeddable":true,"href":"https:\/\/aci.hs-offenburg.de\/de\/wp-json\/wp\/v2\/users\/1\/"}],"replies":[{"embeddable":true,"href":"https:\/\/aci.hs-offenburg.de\/de\/wp-json\/wp\/v2\/comments\/?post=61"}],"version-history":[{"count":25,"href":"https:\/\/aci.hs-offenburg.de\/de\/wp-json\/wp\/v2\/pages\/61\/revisions\/"}],"predecessor-version":[{"id":1052,"href":"https:\/\/aci.hs-offenburg.de\/de\/wp-json\/wp\/v2\/pages\/61\/revisions\/1052\/"}],"wp:attachment":[{"href":"https:\/\/aci.hs-offenburg.de\/de\/wp-json\/wp\/v2\/media\/?parent=61"}],"curies":[{"name":"wp","href":"https:\/\/api.w.org\/{rel}","templated":true}]}}